{"id":2471,"date":"2021-01-15T17:45:28","date_gmt":"2021-01-15T15:45:28","guid":{"rendered":"https:\/\/www.fingosolutions.ch\/prestation-leasing-it\/"},"modified":"2021-04-09T15:06:20","modified_gmt":"2021-04-09T13:06:20","slug":"https-www-fingosolutions-ch-vermietung-von-pnellen-computern-langde","status":"publish","type":"page","link":"https:\/\/www.fingosolutions.ch\/de\/https-www-fingosolutions-ch-vermietung-von-pnellen-computern-langde\/","title":{"rendered":"IT-Leasing Dienstleistungen"},"content":{"rendered":"<h1>\n<p style=\"text-align: center;\"><strong>Was ist IT Leasing ?<\/strong><\/p>\n<\/h1>\n<div>\n<p style=\"text-align: center;\">IT Leasing ist die langfristige Vermietung von IT Infrastruktur. Dem Leasingnehmer wird ein Verm\u00f6genswert f\u00fcr ein oder mehrere Jahre gegen Zahlung einer vertraglich festgelegten monatlichen Miete zur Verf\u00fcgung gestellt. Nach Ablauf des Vertrages kann er die Ware zur\u00fcckgeben oder einen neuen Vertrag abschliessen, je nach den Bed\u00fcrfnissen seines Unternehmens.<\/p>\n<p style=\"text-align: center;\">Dank dieser L\u00f6sung k\u00f6nnen Unternehmen von den technologischen Innovationen profitieren und dem Wachstum ihrer Aktivit\u00e4ten und ihrer IT Infrastruktur mit Zuversicht entgegensehen.<\/p>\n<p style=\"text-align: center;\"><a href=\"https:\/\/www.fingosolutions.ch\/de\/it-leasing-alles-was-sie-ueber-das-langfristige-leasing-von-it-equipment-wissen-muessen\/\"><strong>MEHR LERNEN !<\/strong><\/a><\/p>\n<hr \/>\n<p style=\"text-align: center;\">\u00a0<\/p>\n<\/div>\n<h2><strong>die Vorteile des Leasings<\/strong><\/h2>\n<ul>\n<li>\n<p>        <img decoding=\"async\" src=\"\/wp-content\/uploads\/pexels-brett-sayles-4508751-scaled.jpg\" alt=\"\"><\/p>\n<h3>Miete von Computerausr\u00fcstung <\/h3>\n<p>Profitieren Sie von den neuesten Innovationen <\/p>\n<div>\n<p>Die Computerparks in Unternehmen sind oft eine Quelle von Problemen. In der Tat entwickeln sich Hard- und Software mit halsbrecherischer Geschwindigkeit weiter und Maschinen werden schnell veraltet. Hardware-Wechsel werden f\u00fcr die meisten Unternehmen schnell zum Kopfzerbrechen und zu einer finanziellen Belastung. Da ist es nur logisch, dass IT-Leasing als interessante und zunehmend beliebte L\u00f6sung positioniert wird.\u00a0<\/p>\n<p><strong>Ihre Vorteile:\u00a0<\/strong><\/p>\n<ul>\n<li>Vermeiden Sie es, einen finanziellen Abgrund zu schaffen\u00a0<\/li>\n<li>Halten Sie Ihre Flotte immer homogen\u00a0\u00a0<\/li>\n<li>Stets auf dem neuesten Stand der Technik sein<\/li>\n<\/ul>\n<p style=\"text-align: center;\"><a href=\"https:\/\/www.fingosolutions.ch\/computer-hardware-miete\/?lang=de\">MEHR ERFAHREN !<\/a><\/p>\n<\/div>\n<\/li>\n<li>\n<p>        <img decoding=\"async\" src=\"\/wp-content\/uploads\/pexels-ken-tomita-389818-scaled.jpg\" alt=\"\"><\/p>\n<h3>Gesch\u00e4ftscomputer mieten <\/h3>\n<p>Geben Sie Ihren Mitarbeitern die M\u00f6glichkeit zur Telearbeit mit fingo!<\/p>\n<div>\n<p>Abgesehen von der administrativen Komplexit\u00e4t der Telearbeit kann ihre Umsetzung auch aufgrund der fehlenden Ausstattung schwierig sein. Den Mitarbeitern die bestm\u00f6glichen Arbeitsbedingungen zu bieten, hilft, Vertrauen aufzubauen und die Leistung zu verbessern.\u00a0<\/p>\n<p><strong>Ihre Vorteile:\u00a0<\/strong><\/p>\n<ul>\n<li>Binden Sie Ihr Personal<\/li>\n<li>Produktivit\u00e4tssteigerungen generieren\u00a0<\/li>\n<li>Unterst\u00fctzen Sie Ihre Mitarbeiter in Zeiten der Krise\u00a0<\/li>\n<\/ul>\n<p style=\"text-align: center;\"><a href=\"https:\/\/www.fingosolutions.ch\/vermietung-von-professionellen-computern\/?lang=de\">MEHR ERFAHREN !<\/a><\/p>\n<\/div>\n<\/li>\n<li>\n<p>        <img decoding=\"async\" src=\"\/wp-content\/uploads\/pexels-pixabay-60504-scaled.jpg\" alt=\"\"><\/p>\n<h3>Vermietung von Computer-Servern<\/h3>\n<p>HALTEN SIE IHRE DATEN VERTRAULICH MIT FINGO <\/p>\n<div>\n<p style=\"text-align: left;\">Trotz der beruhigenden Botschaften zur Vertraulichkeit gibt es Zweifel an der Seriosit\u00e4t einiger Cloud-Plattformen. Um Sie davor zu sch\u00fctzen, unterst\u00fctzt Fingo Sie bei der Finanzierung Ihrer eigenen Server.\u00a0<\/p>\n<p style=\"text-align: left;\"><strong>Ihre Vorteile:\u00a0<\/strong><\/p>\n<ul>\n<li style=\"text-align: left;\">Begrenzen Sie m\u00f6glichen Datenverlust<\/li>\n<li style=\"text-align: left;\">\u00dcbertragen Sie Ihre Daten schneller<\/li>\n<li>Optimieren Sie die Vertraulichkeit Ihrer Daten<\/li>\n<\/ul>\n<p style=\"text-align: center;\"><a href=\"https:\/\/www.fingosolutions.ch\/bewahren-sie-ihre-vertraulichen-daten-mit-it-leasing\/?lang=de\">MEHR ERFAHREN !<\/a><\/p>\n<\/div>\n<\/li>\n<\/ul>\n<p><!-- {\"type\":\"layout\",\"children\":[{\"type\":\"section\",\"props\":{\"style\":\"default\",\"width\":\"default\",\"vertical_align\":\"middle\",\"title_position\":\"top-left\",\"title_rotation\":\"left\",\"title_breakpoint\":\"xl\",\"image_position\":\"center-center\"},\"children\":[{\"type\":\"row\",\"children\":[{\"type\":\"column\",\"props\":{\"image_position\":\"center-center\",\"media_overlay_gradient\":\"\"},\"children\":[{\"type\":\"headline\",\"props\":{\"title_element\":\"h1\",\"content\":\"\n\n<p style=\\\"text-align: center;\\\"><strong>Was ist IT Leasing ?<\\\/strong><\\\/p>\"}},{\"type\":\"text\",\"props\":{\"margin\":\"default\",\"column_breakpoint\":\"m\",\"content\":\"\n\n<p style=\\\"text-align: center;\\\">IT Leasing ist die langfristige Vermietung von IT Infrastruktur. Dem Leasingnehmer wird ein Verm\\u00f6genswert f\\u00fcr ein oder mehrere Jahre gegen Zahlung einer vertraglich festgelegten monatlichen Miete zur Verf\\u00fcgung gestellt. Nach Ablauf des Vertrages kann er die Ware zur\\u00fcckgeben oder einen neuen Vertrag abschliessen, je nach den Bed\\u00fcrfnissen seines Unternehmens.<\\\/p>\\n\n\n<p style=\\\"text-align: center;\\\">Dank dieser L\\u00f6sung k\\u00f6nnen Unternehmen von den technologischen Innovationen profitieren und dem Wachstum ihrer Aktivit\\u00e4ten und ihrer IT Infrastruktur mit Zuversicht entgegensehen.<\\\/p>\\n\n\n<p style=\\\"text-align: center;\\\"><a href=\\\"https:\\\/\\\/www.fingosolutions.ch\\\/leasing-it-tout-savoir-sur-la-location-longue-duree-de-materiel-informatique\\\/\\\"><strong>MEHR LERNEN !<\\\/strong><\\\/a><\\\/p>\\n\n\n<hr \\\/>\\n\n\n<p style=\\\"text-align: center;\\\">\\u00a0<\\\/p>\"}},{\"type\":\"headline\",\"props\":{\"title_element\":\"h2\",\"content\":\"<strong>die Vorteile des Leasings<\\\/strong>\",\"text_align\":\"center\"}},{\"type\":\"grid\",\"props\":{\"show_title\":true,\"show_meta\":true,\"show_content\":true,\"show_image\":true,\"show_link\":true,\"grid_default\":\"1\",\"grid_medium\":\"3\",\"filter_style\":\"tab\",\"filter_all\":true,\"filter_position\":\"top\",\"filter_align\":\"left\",\"filter_grid_width\":\"auto\",\"filter_grid_breakpoint\":\"m\",\"title_hover_style\":\"reset\",\"title_element\":\"h3\",\"title_align\":\"top\",\"title_grid_width\":\"1-2\",\"title_grid_breakpoint\":\"m\",\"meta_style\":\"meta\",\"meta_align\":\"below-title\",\"content_column_breakpoint\":\"m\",\"icon_width\":80,\"image_align\":\"top\",\"image_grid_width\":\"1-2\",\"image_grid_breakpoint\":\"m\",\"image_svg_color\":\"emphasis\",\"link_text\":\"Read more\",\"link_style\":\"default\",\"margin\":\"default\",\"item_animation\":\"\",\"text_align\":\"justify\"},\"children\":[{\"type\":\"grid_item\",\"props\":{\"title\":\"Miete von Computerausr\\u00fcstung \",\"meta\":\"Profitieren Sie von den neuesten Innovationen \",\"content\":\"\n\n<p>Die Computerparks in Unternehmen sind oft eine Quelle von Problemen. In der Tat entwickeln sich Hard- und Software mit halsbrecherischer Geschwindigkeit weiter und Maschinen werden schnell veraltet. Hardware-Wechsel werden f\\u00fcr die meisten Unternehmen schnell zum Kopfzerbrechen und zu einer finanziellen Belastung. Da ist es nur logisch, dass IT-Leasing als interessante und zunehmend beliebte L\\u00f6sung positioniert wird.\\u00a0<\\\/p>\\n\n\n<p><strong>Ihre Vorteile:\\u00a0<\\\/strong><\\\/p>\\n\n\n<ul>\\n\n\n<li>Vermeiden Sie es, einen finanziellen Abgrund zu schaffen\\u00a0<\\\/li>\\n\n\n<li>Halten Sie Ihre Flotte immer homogen\\u00a0\\u00a0<\\\/li>\\n\n\n<li>Stets auf dem neuesten Stand der Technik sein<\\\/li>\\n<\\\/ul>\\n\n\n<p style=\\\"text-align: center;\\\"><a href=\\\"https:\\\/\\\/www.fingosolutions.ch\\\/computer-hardware-miete\\\/?lang=de\\\">MEHR ERFAHREN !<\\\/a><\\\/p>\",\"image\":\"wp-content\\\/uploads\\\/pexels-brett-sayles-4508751-scaled.jpg\"}},{\"type\":\"grid_item\",\"props\":{\"title\":\"Gesch\\u00e4ftscomputer mieten \",\"meta\":\"Geben Sie Ihren Mitarbeitern die M\\u00f6glichkeit zur Telearbeit mit fingo!\",\"content\":\"\n\n<p>Abgesehen von der administrativen Komplexit\\u00e4t der Telearbeit kann ihre Umsetzung auch aufgrund der fehlenden Ausstattung schwierig sein. Den Mitarbeitern die bestm\\u00f6glichen Arbeitsbedingungen zu bieten, hilft, Vertrauen aufzubauen und die Leistung zu verbessern.\\u00a0<\\\/p>\\n\n\n<p><strong>Ihre Vorteile:\\u00a0<\\\/strong><\\\/p>\\n\n\n<ul>\\n\n\n<li>Binden Sie Ihr Personal<\\\/li>\\n\n\n<li>Produktivit\\u00e4tssteigerungen generieren\\u00a0<\\\/li>\\n\n\n<li>Unterst\\u00fctzen Sie Ihre Mitarbeiter in Zeiten der Krise\\u00a0<\\\/li>\\n<\\\/ul>\\n\n\n<p style=\\\"text-align: center;\\\"><a href=\\\"https:\\\/\\\/www.fingosolutions.ch\\\/vermietung-von-professionellen-computern\\\/?lang=de\\\">MEHR ERFAHREN !<\\\/a><\\\/p>\",\"image\":\"wp-content\\\/uploads\\\/pexels-ken-tomita-389818-scaled.jpg\"}},{\"type\":\"grid_item\",\"props\":{\"title\":\"Vermietung von Computer-Servern\",\"meta\":\"HALTEN SIE IHRE DATEN VERTRAULICH MIT FINGO \",\"content\":\"\n\n<p style=\\\"text-align: left;\\\">Trotz der beruhigenden Botschaften zur Vertraulichkeit gibt es Zweifel an der Seriosit\\u00e4t einiger Cloud-Plattformen. Um Sie davor zu sch\\u00fctzen, unterst\\u00fctzt Fingo Sie bei der Finanzierung Ihrer eigenen Server.\\u00a0<\\\/p>\\n\n\n<p style=\\\"text-align: left;\\\"><strong>Ihre Vorteile:\\u00a0<\\\/strong><\\\/p>\\n\n\n<ul>\\n\n\n<li style=\\\"text-align: left;\\\">Begrenzen Sie m\\u00f6glichen Datenverlust<\\\/li>\\n\n\n<li style=\\\"text-align: left;\\\">\\u00dcbertragen Sie Ihre Daten schneller<\\\/li>\\n\n\n<li>Optimieren Sie die Vertraulichkeit Ihrer Daten<\\\/li>\\n<\\\/ul>\\n\n\n<p style=\\\"text-align: center;\\\"><a href=\\\"https:\\\/\\\/www.fingosolutions.ch\\\/bewahren-sie-ihre-vertraulichen-daten-mit-it-leasing\\\/?lang=de\\\">MEHR ERFAHREN !<\\\/a><\\\/p>\",\"image\":\"wp-content\\\/uploads\\\/pexels-pixabay-60504-scaled.jpg\"}}]}]}]}]}],\"version\":\"2.1.1\"} --><\/p>\n","protected":false},"excerpt":{"rendered":"<p>Was ist IT Leasing ? IT Leasing ist die langfristige Vermietung von IT Infrastruktur. Dem Leasingnehmer wird ein Verm\u00f6genswert f\u00fcr ein oder mehrere Jahre gegen Zahlung einer vertraglich festgelegten monatlichen Miete zur Verf\u00fcgung gestellt. Nach Ablauf des Vertrages kann er die Ware zur\u00fcckgeben oder einen neuen Vertrag abschliessen, je nach [&hellip;]<\/p>\n","protected":false},"author":1,"featured_media":0,"parent":0,"menu_order":0,"comment_status":"closed","ping_status":"closed","template":"","meta":{"footnotes":""},"class_list":["post-2471","page","type-page","status-publish","hentry"],"yoast_head":"<!-- This site is optimized with the Yoast SEO plugin v27.4 - https:\/\/yoast.com\/product\/yoast-seo-wordpress\/ -->\n<title>Leasing von IT-Dienstleistungen | FinGo Solutions<\/title>\n<meta name=\"description\" content=\"Leasing von IT-Dienstleistungen | Experte in der Schweiz seit 15 Jahren | Finanzierungsl\u00f6sungen f\u00fcr alle Unternehmen in der Schweiz |\" \/>\n<meta name=\"robots\" content=\"index, follow, max-snippet:-1, max-image-preview:large, max-video-preview:-1\" \/>\n<link rel=\"canonical\" href=\"https:\/\/www.fingosolutions.ch\/de\/https-www-fingosolutions-ch-vermietung-von-pnellen-computern-langde\/\" \/>\n<meta property=\"og:locale\" content=\"de_DE\" \/>\n<meta property=\"og:type\" content=\"article\" \/>\n<meta property=\"og:title\" content=\"Leasing von IT-Dienstleistungen | FinGo Solutions\" \/>\n<meta property=\"og:description\" content=\"Leasing von IT-Dienstleistungen | Experte in der Schweiz seit 15 Jahren | Finanzierungsl\u00f6sungen f\u00fcr alle Unternehmen in der Schweiz |\" \/>\n<meta property=\"og:url\" content=\"https:\/\/www.fingosolutions.ch\/de\/https-www-fingosolutions-ch-vermietung-von-pnellen-computern-langde\/\" \/>\n<meta property=\"og:site_name\" content=\"Fingo Solutions\" \/>\n<meta property=\"article:modified_time\" content=\"2021-04-09T13:06:20+00:00\" \/>\n<meta property=\"og:image\" content=\"https:\/\/www.fingosolutions.ch\/wp-content\/uploads\/pexels-brett-sayles-4508751-scaled.jpg\" \/>\n<meta name=\"twitter:card\" content=\"summary_large_image\" \/>\n<meta name=\"twitter:label1\" content=\"Gesch\u00e4tzte Lesezeit\" \/>\n\t<meta name=\"twitter:data1\" content=\"2\u00a0Minuten\" \/>\n<script type=\"application\/ld+json\" class=\"yoast-schema-graph\">{\"@context\":\"https:\\\/\\\/schema.org\",\"@graph\":[{\"@type\":\"WebPage\",\"@id\":\"https:\\\/\\\/www.fingosolutions.ch\\\/de\\\/https-www-fingosolutions-ch-vermietung-von-pnellen-computern-langde\\\/\",\"url\":\"https:\\\/\\\/www.fingosolutions.ch\\\/de\\\/https-www-fingosolutions-ch-vermietung-von-pnellen-computern-langde\\\/\",\"name\":\"Leasing von IT-Dienstleistungen | FinGo Solutions\",\"isPartOf\":{\"@id\":\"https:\\\/\\\/www.fingosolutions.ch\\\/de\\\/#website\"},\"datePublished\":\"2021-01-15T15:45:28+00:00\",\"dateModified\":\"2021-04-09T13:06:20+00:00\",\"description\":\"Leasing von IT-Dienstleistungen | Experte in der Schweiz seit 15 Jahren | Finanzierungsl\u00f6sungen f\u00fcr alle Unternehmen in der Schweiz |\",\"breadcrumb\":{\"@id\":\"https:\\\/\\\/www.fingosolutions.ch\\\/de\\\/https-www-fingosolutions-ch-vermietung-von-pnellen-computern-langde\\\/#breadcrumb\"},\"inLanguage\":\"de\",\"potentialAction\":[{\"@type\":\"ReadAction\",\"target\":[\"https:\\\/\\\/www.fingosolutions.ch\\\/de\\\/https-www-fingosolutions-ch-vermietung-von-pnellen-computern-langde\\\/\"]}]},{\"@type\":\"BreadcrumbList\",\"@id\":\"https:\\\/\\\/www.fingosolutions.ch\\\/de\\\/https-www-fingosolutions-ch-vermietung-von-pnellen-computern-langde\\\/#breadcrumb\",\"itemListElement\":[{\"@type\":\"ListItem\",\"position\":1,\"name\":\"Home\",\"item\":\"https:\\\/\\\/www.fingosolutions.ch\\\/de\\\/\"},{\"@type\":\"ListItem\",\"position\":2,\"name\":\"IT-Leasing Dienstleistungen\"}]},{\"@type\":\"WebSite\",\"@id\":\"https:\\\/\\\/www.fingosolutions.ch\\\/de\\\/#website\",\"url\":\"https:\\\/\\\/www.fingosolutions.ch\\\/de\\\/\",\"name\":\"Fingo Solutions\",\"description\":\"Nous cr\u00e9ons, fa\u00e7onnons et modelons votre propre solution de financement pour vos actifs technologiques\",\"publisher\":{\"@id\":\"https:\\\/\\\/www.fingosolutions.ch\\\/de\\\/#organization\"},\"potentialAction\":[{\"@type\":\"SearchAction\",\"target\":{\"@type\":\"EntryPoint\",\"urlTemplate\":\"https:\\\/\\\/www.fingosolutions.ch\\\/de\\\/?s={search_term_string}\"},\"query-input\":{\"@type\":\"PropertyValueSpecification\",\"valueRequired\":true,\"valueName\":\"search_term_string\"}}],\"inLanguage\":\"de\"},{\"@type\":\"Organization\",\"@id\":\"https:\\\/\\\/www.fingosolutions.ch\\\/de\\\/#organization\",\"name\":\"FinGO Solutions\",\"url\":\"https:\\\/\\\/www.fingosolutions.ch\\\/de\\\/\",\"logo\":{\"@type\":\"ImageObject\",\"inLanguage\":\"de\",\"@id\":\"https:\\\/\\\/www.fingosolutions.ch\\\/de\\\/#\\\/schema\\\/logo\\\/image\\\/\",\"url\":\"https:\\\/\\\/i0.wp.com\\\/www.fingosolutions.ch\\\/wp-content\\\/uploads\\\/Logo-Fingo-Slogan.png?fit=491%2C222&ssl=1\",\"contentUrl\":\"https:\\\/\\\/i0.wp.com\\\/www.fingosolutions.ch\\\/wp-content\\\/uploads\\\/Logo-Fingo-Slogan.png?fit=491%2C222&ssl=1\",\"width\":491,\"height\":222,\"caption\":\"FinGO Solutions\"},\"image\":{\"@id\":\"https:\\\/\\\/www.fingosolutions.ch\\\/de\\\/#\\\/schema\\\/logo\\\/image\\\/\"}}]}<\/script>\n<!-- \/ Yoast SEO plugin. -->","yoast_head_json":{"title":"Leasing von IT-Dienstleistungen | FinGo Solutions","description":"Leasing von IT-Dienstleistungen | Experte in der Schweiz seit 15 Jahren | Finanzierungsl\u00f6sungen f\u00fcr alle Unternehmen in der Schweiz |","robots":{"index":"index","follow":"follow","max-snippet":"max-snippet:-1","max-image-preview":"max-image-preview:large","max-video-preview":"max-video-preview:-1"},"canonical":"https:\/\/www.fingosolutions.ch\/de\/https-www-fingosolutions-ch-vermietung-von-pnellen-computern-langde\/","og_locale":"de_DE","og_type":"article","og_title":"Leasing von IT-Dienstleistungen | FinGo Solutions","og_description":"Leasing von IT-Dienstleistungen | Experte in der Schweiz seit 15 Jahren | Finanzierungsl\u00f6sungen f\u00fcr alle Unternehmen in der Schweiz |","og_url":"https:\/\/www.fingosolutions.ch\/de\/https-www-fingosolutions-ch-vermietung-von-pnellen-computern-langde\/","og_site_name":"Fingo Solutions","article_modified_time":"2021-04-09T13:06:20+00:00","og_image":[{"url":"https:\/\/www.fingosolutions.ch\/wp-content\/uploads\/pexels-brett-sayles-4508751-scaled.jpg","type":"","width":"","height":""}],"twitter_card":"summary_large_image","twitter_misc":{"Gesch\u00e4tzte Lesezeit":"2\u00a0Minuten"},"schema":{"@context":"https:\/\/schema.org","@graph":[{"@type":"WebPage","@id":"https:\/\/www.fingosolutions.ch\/de\/https-www-fingosolutions-ch-vermietung-von-pnellen-computern-langde\/","url":"https:\/\/www.fingosolutions.ch\/de\/https-www-fingosolutions-ch-vermietung-von-pnellen-computern-langde\/","name":"Leasing von IT-Dienstleistungen | FinGo Solutions","isPartOf":{"@id":"https:\/\/www.fingosolutions.ch\/de\/#website"},"datePublished":"2021-01-15T15:45:28+00:00","dateModified":"2021-04-09T13:06:20+00:00","description":"Leasing von IT-Dienstleistungen | Experte in der Schweiz seit 15 Jahren | Finanzierungsl\u00f6sungen f\u00fcr alle Unternehmen in der Schweiz |","breadcrumb":{"@id":"https:\/\/www.fingosolutions.ch\/de\/https-www-fingosolutions-ch-vermietung-von-pnellen-computern-langde\/#breadcrumb"},"inLanguage":"de","potentialAction":[{"@type":"ReadAction","target":["https:\/\/www.fingosolutions.ch\/de\/https-www-fingosolutions-ch-vermietung-von-pnellen-computern-langde\/"]}]},{"@type":"BreadcrumbList","@id":"https:\/\/www.fingosolutions.ch\/de\/https-www-fingosolutions-ch-vermietung-von-pnellen-computern-langde\/#breadcrumb","itemListElement":[{"@type":"ListItem","position":1,"name":"Home","item":"https:\/\/www.fingosolutions.ch\/de\/"},{"@type":"ListItem","position":2,"name":"IT-Leasing Dienstleistungen"}]},{"@type":"WebSite","@id":"https:\/\/www.fingosolutions.ch\/de\/#website","url":"https:\/\/www.fingosolutions.ch\/de\/","name":"Fingo Solutions","description":"Nous cr\u00e9ons, fa\u00e7onnons et modelons votre propre solution de financement pour vos actifs technologiques","publisher":{"@id":"https:\/\/www.fingosolutions.ch\/de\/#organization"},"potentialAction":[{"@type":"SearchAction","target":{"@type":"EntryPoint","urlTemplate":"https:\/\/www.fingosolutions.ch\/de\/?s={search_term_string}"},"query-input":{"@type":"PropertyValueSpecification","valueRequired":true,"valueName":"search_term_string"}}],"inLanguage":"de"},{"@type":"Organization","@id":"https:\/\/www.fingosolutions.ch\/de\/#organization","name":"FinGO Solutions","url":"https:\/\/www.fingosolutions.ch\/de\/","logo":{"@type":"ImageObject","inLanguage":"de","@id":"https:\/\/www.fingosolutions.ch\/de\/#\/schema\/logo\/image\/","url":"https:\/\/i0.wp.com\/www.fingosolutions.ch\/wp-content\/uploads\/Logo-Fingo-Slogan.png?fit=491%2C222&ssl=1","contentUrl":"https:\/\/i0.wp.com\/www.fingosolutions.ch\/wp-content\/uploads\/Logo-Fingo-Slogan.png?fit=491%2C222&ssl=1","width":491,"height":222,"caption":"FinGO Solutions"},"image":{"@id":"https:\/\/www.fingosolutions.ch\/de\/#\/schema\/logo\/image\/"}}]}},"jetpack_sharing_enabled":true,"_links":{"self":[{"href":"https:\/\/www.fingosolutions.ch\/de\/wp-json\/wp\/v2\/pages\/2471","targetHints":{"allow":["GET"]}}],"collection":[{"href":"https:\/\/www.fingosolutions.ch\/de\/wp-json\/wp\/v2\/pages"}],"about":[{"href":"https:\/\/www.fingosolutions.ch\/de\/wp-json\/wp\/v2\/types\/page"}],"author":[{"embeddable":true,"href":"https:\/\/www.fingosolutions.ch\/de\/wp-json\/wp\/v2\/users\/1"}],"replies":[{"embeddable":true,"href":"https:\/\/www.fingosolutions.ch\/de\/wp-json\/wp\/v2\/comments?post=2471"}],"version-history":[{"count":14,"href":"https:\/\/www.fingosolutions.ch\/de\/wp-json\/wp\/v2\/pages\/2471\/revisions"}],"predecessor-version":[{"id":3323,"href":"https:\/\/www.fingosolutions.ch\/de\/wp-json\/wp\/v2\/pages\/2471\/revisions\/3323"}],"wp:attachment":[{"href":"https:\/\/www.fingosolutions.ch\/de\/wp-json\/wp\/v2\/media?parent=2471"}],"curies":[{"name":"wp","href":"https:\/\/api.w.org\/{rel}","templated":true}]}}