{"id":2483,"date":"2021-01-15T17:32:05","date_gmt":"2021-01-15T15:32:05","guid":{"rendered":"https:\/\/www.fingosolutions.ch\/contact\/"},"modified":"2021-04-15T14:15:55","modified_gmt":"2021-04-15T12:15:55","slug":"kontakt","status":"publish","type":"page","link":"https:\/\/www.fingosolutions.ch\/de\/kontakt\/","title":{"rendered":"Kontaktieren Sie uns"},"content":{"rendered":"<div>\n<h1 style=\"text-align: center;\" data-id=\"page#0-0-0-0\"><strong>KONTAKTIEREN SIE UNS<\/strong><\/h1>\n<p style=\"text-align: center;\">Z\u00f6gern Sie nicht, uns zu schreiben, um Ihre Fragen und Projekte einzureichen!<\/p>\n<\/div>\n<div>\n<div class=\"promo-block  \">\n<p>\u00a0<\/p>\n<\/div>\n<hr \/>\n<h5><i class=\"fa fa-map-marker fa-fw fa-lg\"><\/i> RUE CENTRALE 21, 1110 MORGES &#8211; SWITZERLAND<\/h5>\n<h5><i class=\"fa fa-envelope fa-fw fa-lg\"><\/i> <a class=\"uk-link-reset\" href=\"mailto:fingo@fingosolutions.ch\">\u00a0fingo &#8222;AT&#8220; fingosolutions &#8222;DOT&#8220;ch<\/a><\/h5>\n<h5><i class=\"fa fa-phone fa-fw fa-lg\"><\/i> <a class=\"uk-link-reset\" href=\"tel:+41 22 994 77 16\">+41 22 994 77 16<\/a><\/h5>\n<p>\u00a0<\/p>\n<\/div>\n<p><img decoding=\"async\" src=\"\/wp-content\/uploads\/Sans-titre-3-5.png\" alt=\"\"><\/p>\n<div>\n\n<div class=\"wpcf7 no-js\" id=\"wpcf7-f2539-o1\" lang=\"fr-FR\" dir=\"ltr\" data-wpcf7-id=\"2539\">\n<div class=\"screen-reader-response\"><p role=\"status\" aria-live=\"polite\" aria-atomic=\"true\"><\/p> <ul><\/ul><\/div>\n<form action=\"\/de\/wp-json\/wp\/v2\/pages\/2483#wpcf7-f2539-o1\" method=\"post\" class=\"wpcf7-form init\" aria-label=\"Formulaire de contact\" novalidate=\"novalidate\" data-status=\"init\">\n<fieldset class=\"hidden-fields-container\"><input type=\"hidden\" name=\"_wpcf7\" value=\"2539\" \/><input type=\"hidden\" name=\"_wpcf7_version\" value=\"6.1.5\" \/><input type=\"hidden\" name=\"_wpcf7_locale\" value=\"fr_FR\" \/><input type=\"hidden\" name=\"_wpcf7_unit_tag\" value=\"wpcf7-f2539-o1\" \/><input type=\"hidden\" name=\"_wpcf7_container_post\" value=\"0\" \/><input type=\"hidden\" name=\"_wpcf7_posted_data_hash\" value=\"\" \/><input type=\"hidden\" name=\"_wpcf7_recaptcha_response\" value=\"\" \/>\n<\/fieldset>\n<p><label>Name*<br \/>\n<span class=\"wpcf7-form-control-wrap\" data-name=\"your-name\"><input size=\"40\" maxlength=\"400\" class=\"wpcf7-form-control wpcf7-text wpcf7-validates-as-required uk-input\" aria-required=\"true\" aria-invalid=\"false\" value=\"\" type=\"text\" name=\"your-name\" \/><\/span> <\/label><br \/>\n*Obligatorisch\n<\/p>\n<p><label>Nachname*<br \/>\n<span class=\"wpcf7-form-control-wrap\" data-name=\"your-lname\"><input size=\"40\" maxlength=\"400\" class=\"wpcf7-form-control wpcf7-text wpcf7-validates-as-required uk-input\" aria-required=\"true\" aria-invalid=\"false\" value=\"\" type=\"text\" name=\"your-lname\" \/><\/span> <\/label>\n<\/p>\n<p><label>Firma*<br \/>\n<span class=\"wpcf7-form-control-wrap\" data-name=\"your-lname\"><input size=\"40\" maxlength=\"400\" class=\"wpcf7-form-control wpcf7-text wpcf7-validates-as-required uk-input\" aria-required=\"true\" aria-invalid=\"false\" value=\"\" type=\"text\" name=\"your-lname\" \/><\/span> <\/label>\n<\/p>\n<p><label>Anzahl Mietarbeitende<br \/>\n<span class=\"wpcf7-form-control-wrap\" data-name=\"menu-808\"><select class=\"wpcf7-form-control wpcf7-select\" aria-invalid=\"false\" name=\"menu-808\"><option value=\"&lt;10\">&lt;10<\/option><option value=\"10-50\">10-50<\/option><option value=\"50-200\">50-200<\/option><option value=\"200-1000\">200-1000<\/option><\/select><\/span> <\/label>\n<\/p>\n<p><label>E-Mail*<br \/>\n<span class=\"wpcf7-form-control-wrap\" data-name=\"your-email\"><input size=\"40\" maxlength=\"400\" class=\"wpcf7-form-control wpcf7-email wpcf7-validates-as-required wpcf7-text wpcf7-validates-as-email uk-input\" aria-required=\"true\" aria-invalid=\"false\" value=\"\" type=\"email\" name=\"your-email\" \/><\/span> <\/label>\n<\/p>\n<p><label>Telephonnummer*<br \/>\n<span class=\"wpcf7-form-control-wrap\" data-name=\"telephone\"><input size=\"40\" maxlength=\"400\" class=\"wpcf7-form-control wpcf7-tel wpcf7-validates-as-required wpcf7-text wpcf7-validates-as-tel uk-input\" aria-required=\"true\" aria-invalid=\"false\" value=\"\" type=\"tel\" name=\"telephone\" \/><\/span> <\/label>\n<\/p>\n<p><label>Thema<br \/>\n<span class=\"wpcf7-form-control-wrap\" data-name=\"your-subject\"><input size=\"40\" maxlength=\"400\" class=\"wpcf7-form-control wpcf7-text uk-input\" aria-invalid=\"false\" value=\"\" type=\"text\" name=\"your-subject\" \/><\/span> <\/label>\n<\/p>\n<p><label>Nachricht*<br \/>\n<span class=\"wpcf7-form-control-wrap\" data-name=\"textarea-881\"><textarea cols=\"100\" rows=\"5\" maxlength=\"2000\" class=\"wpcf7-form-control wpcf7-textarea wpcf7-validates-as-required uk-textarea\" aria-required=\"true\" aria-invalid=\"false\" name=\"textarea-881\"><\/textarea><\/span> <\/label>\n<\/p>\n<p><input class=\"wpcf7-form-control wpcf7-submit has-spinner uk-button uk-button-danger uk-button-large\" id=\"main-submit\" type=\"submit\" value=\"Senden\" \/>\n<\/p><p style=\"display: none !important;\" class=\"akismet-fields-container\" data-prefix=\"_wpcf7_ak_\"><label>&#916;<textarea name=\"_wpcf7_ak_hp_textarea\" cols=\"45\" rows=\"8\" maxlength=\"100\"><\/textarea><\/label><input type=\"hidden\" id=\"ak_js_1\" name=\"_wpcf7_ak_js\" value=\"209\"\/><script>document.getElementById( \"ak_js_1\" ).setAttribute( \"value\", ( new Date() ).getTime() );<\/script><\/p><div class=\"wpcf7-response-output\" aria-hidden=\"true\"><\/div>\n<\/form>\n<\/div>\n<\/div>\n<p><!-- {\"type\":\"layout\",\"children\":[{\"type\":\"section\",\"props\":{\"style\":\"default\",\"width\":\"default\",\"vertical_align\":\"middle\",\"title_position\":\"top-left\",\"title_rotation\":\"left\",\"title_breakpoint\":\"xl\",\"image_position\":\"center-center\"},\"children\":[{\"type\":\"row\",\"children\":[{\"type\":\"column\",\"props\":{\"image_position\":\"center-center\",\"media_overlay_gradient\":\"\"},\"children\":[{\"type\":\"text\",\"props\":{\"margin\":\"default\",\"column_breakpoint\":\"m\",\"content\":\"\n\n<h1 style=\\\"text-align: center;\\\" data-id=\\\"page#0-0-0-0\\\"><strong>KONTAKTIEREN SIE UNS<\\\/strong><\\\/h1>\\n\n\n<p style=\\\"text-align: center;\\\">Z\\u00f6gern Sie nicht, uns zu schreiben, um Ihre Fragen und Projekte einzureichen!<\\\/p>\"}}]}]},{\"type\":\"row\",\"props\":{\"layout\":\"1-2,1-2\"},\"children\":[{\"type\":\"column\",\"props\":{\"image_position\":\"center-center\",\"media_overlay_gradient\":\"\",\"width_medium\":\"1-2\"},\"children\":[{\"type\":\"text\",\"props\":{\"margin\":\"default\",\"column_breakpoint\":\"m\",\"content\":\"\n\n<div class=\\\"promo-block  \\\">\\n\n\n<p>\\u00a0<\\\/p>\\n<\\\/div>\\n\n\n<hr \\\/>\\n\n\n<h5><i class=\\\"fa fa-map-marker fa-fw fa-lg\\\"><\\\/i> RUE CENTRALE 21, 1110 MORGES - SWITZERLAND<\\\/h5>\\n\n\n<h5><i class=\\\"fa fa-envelope fa-fw fa-lg\\\"><\\\/i> <a class=\\\"uk-link-reset\\\" href=\\\"mailto:fingo@fingosolutions.ch\\\">\\u00a0fingo \\\"AT\\\" fingosolutions \\\"DOT\\\"ch<\\\/a><\\\/h5>\\n\n\n<h5><i class=\\\"fa fa-phone fa-fw fa-lg\\\"><\\\/i> <a class=\\\"uk-link-reset\\\" href=\\\"tel:+41 22 994 77 16\\\">+41 22 994 77 16<\\\/a><\\\/h5>\\n\n\n<p>\\u00a0<\\\/p>\"}},{\"type\":\"image\",\"props\":{\"margin\":\"default\",\"image_svg_color\":\"emphasis\",\"image\":\"wp-content\\\/uploads\\\/Sans-titre-3-5.png\"}}]},{\"type\":\"column\",\"props\":{\"image_position\":\"center-center\",\"media_overlay_gradient\":\"\",\"width_medium\":\"1-2\"},\"children\":[{\"type\":\"html\",\"props\":{\"content\":\"[contact-form-7 id=\\\"2539\\\" title=\\\"Formulaire de contact - GERM\\\"]\"}}]}]}]}],\"version\":\"2.1.1\"} --><\/p>\n","protected":false},"excerpt":{"rendered":"<p>KONTAKTIEREN SIE UNS Z\u00f6gern Sie nicht, uns zu schreiben, um Ihre Fragen und Projekte einzureichen! \u00a0 RUE CENTRALE 21, 1110 MORGES &#8211; SWITZERLAND \u00a0fingo &#8222;AT&#8220; fingosolutions &#8222;DOT&#8220;ch +41 22 994 77 16 \u00a0<\/p>\n","protected":false},"author":1,"featured_media":0,"parent":0,"menu_order":0,"comment_status":"closed","ping_status":"closed","template":"","meta":{"footnotes":""},"class_list":["post-2483","page","type-page","status-publish","hentry"],"yoast_head":"<!-- This site is optimized with the Yoast SEO plugin v27.4 - https:\/\/yoast.com\/product\/yoast-seo-wordpress\/ -->\n<title>Kontaktieren Sie uns | Fingo Solutions<\/title>\n<meta name=\"description\" content=\"Sie haben ein Investitionsprojekt und m\u00f6chten ein Computer-Mietangebot einholen? Oder eine Simulation f\u00fcr eine \u00dcbernahme machen?\" \/>\n<meta name=\"robots\" content=\"index, follow, max-snippet:-1, max-image-preview:large, max-video-preview:-1\" \/>\n<link rel=\"canonical\" href=\"https:\/\/www.fingosolutions.ch\/de\/kontakt\/\" \/>\n<meta property=\"og:locale\" content=\"de_DE\" \/>\n<meta property=\"og:type\" content=\"article\" \/>\n<meta property=\"og:title\" content=\"Kontaktieren Sie uns | Fingo Solutions\" \/>\n<meta property=\"og:description\" content=\"Sie haben ein Investitionsprojekt und m\u00f6chten ein Computer-Mietangebot einholen? Oder eine Simulation f\u00fcr eine \u00dcbernahme machen?\" \/>\n<meta property=\"og:url\" content=\"https:\/\/www.fingosolutions.ch\/de\/kontakt\/\" \/>\n<meta property=\"og:site_name\" content=\"Fingo Solutions\" \/>\n<meta property=\"article:modified_time\" content=\"2021-04-15T12:15:55+00:00\" \/>\n<meta property=\"og:image\" content=\"https:\/\/www.fingosolutions.ch\/wp-content\/uploads\/Sans-titre-3-5.png\" \/>\n<meta name=\"twitter:card\" content=\"summary_large_image\" \/>\n<script type=\"application\/ld+json\" class=\"yoast-schema-graph\">{\"@context\":\"https:\\\/\\\/schema.org\",\"@graph\":[{\"@type\":\"WebPage\",\"@id\":\"https:\\\/\\\/www.fingosolutions.ch\\\/de\\\/kontakt\\\/\",\"url\":\"https:\\\/\\\/www.fingosolutions.ch\\\/de\\\/kontakt\\\/\",\"name\":\"Kontaktieren Sie uns | Fingo Solutions\",\"isPartOf\":{\"@id\":\"https:\\\/\\\/www.fingosolutions.ch\\\/de\\\/#website\"},\"datePublished\":\"2021-01-15T15:32:05+00:00\",\"dateModified\":\"2021-04-15T12:15:55+00:00\",\"description\":\"Sie haben ein Investitionsprojekt und m\u00f6chten ein Computer-Mietangebot einholen? Oder eine Simulation f\u00fcr eine \u00dcbernahme machen?\",\"breadcrumb\":{\"@id\":\"https:\\\/\\\/www.fingosolutions.ch\\\/de\\\/kontakt\\\/#breadcrumb\"},\"inLanguage\":\"de\",\"potentialAction\":[{\"@type\":\"ReadAction\",\"target\":[\"https:\\\/\\\/www.fingosolutions.ch\\\/de\\\/kontakt\\\/\"]}]},{\"@type\":\"BreadcrumbList\",\"@id\":\"https:\\\/\\\/www.fingosolutions.ch\\\/de\\\/kontakt\\\/#breadcrumb\",\"itemListElement\":[{\"@type\":\"ListItem\",\"position\":1,\"name\":\"Home\",\"item\":\"https:\\\/\\\/www.fingosolutions.ch\\\/de\\\/\"},{\"@type\":\"ListItem\",\"position\":2,\"name\":\"Kontaktieren Sie uns\"}]},{\"@type\":\"WebSite\",\"@id\":\"https:\\\/\\\/www.fingosolutions.ch\\\/de\\\/#website\",\"url\":\"https:\\\/\\\/www.fingosolutions.ch\\\/de\\\/\",\"name\":\"Fingo Solutions\",\"description\":\"Nous cr\u00e9ons, fa\u00e7onnons et modelons votre propre solution de financement pour vos actifs technologiques\",\"publisher\":{\"@id\":\"https:\\\/\\\/www.fingosolutions.ch\\\/de\\\/#organization\"},\"potentialAction\":[{\"@type\":\"SearchAction\",\"target\":{\"@type\":\"EntryPoint\",\"urlTemplate\":\"https:\\\/\\\/www.fingosolutions.ch\\\/de\\\/?s={search_term_string}\"},\"query-input\":{\"@type\":\"PropertyValueSpecification\",\"valueRequired\":true,\"valueName\":\"search_term_string\"}}],\"inLanguage\":\"de\"},{\"@type\":\"Organization\",\"@id\":\"https:\\\/\\\/www.fingosolutions.ch\\\/de\\\/#organization\",\"name\":\"FinGO Solutions\",\"url\":\"https:\\\/\\\/www.fingosolutions.ch\\\/de\\\/\",\"logo\":{\"@type\":\"ImageObject\",\"inLanguage\":\"de\",\"@id\":\"https:\\\/\\\/www.fingosolutions.ch\\\/de\\\/#\\\/schema\\\/logo\\\/image\\\/\",\"url\":\"https:\\\/\\\/i0.wp.com\\\/www.fingosolutions.ch\\\/wp-content\\\/uploads\\\/Logo-Fingo-Slogan.png?fit=491%2C222&ssl=1\",\"contentUrl\":\"https:\\\/\\\/i0.wp.com\\\/www.fingosolutions.ch\\\/wp-content\\\/uploads\\\/Logo-Fingo-Slogan.png?fit=491%2C222&ssl=1\",\"width\":491,\"height\":222,\"caption\":\"FinGO Solutions\"},\"image\":{\"@id\":\"https:\\\/\\\/www.fingosolutions.ch\\\/de\\\/#\\\/schema\\\/logo\\\/image\\\/\"}}]}<\/script>\n<!-- \/ Yoast SEO plugin. -->","yoast_head_json":{"title":"Kontaktieren Sie uns | Fingo Solutions","description":"Sie haben ein Investitionsprojekt und m\u00f6chten ein Computer-Mietangebot einholen? Oder eine Simulation f\u00fcr eine \u00dcbernahme machen?","robots":{"index":"index","follow":"follow","max-snippet":"max-snippet:-1","max-image-preview":"max-image-preview:large","max-video-preview":"max-video-preview:-1"},"canonical":"https:\/\/www.fingosolutions.ch\/de\/kontakt\/","og_locale":"de_DE","og_type":"article","og_title":"Kontaktieren Sie uns | Fingo Solutions","og_description":"Sie haben ein Investitionsprojekt und m\u00f6chten ein Computer-Mietangebot einholen? Oder eine Simulation f\u00fcr eine \u00dcbernahme machen?","og_url":"https:\/\/www.fingosolutions.ch\/de\/kontakt\/","og_site_name":"Fingo Solutions","article_modified_time":"2021-04-15T12:15:55+00:00","og_image":[{"url":"https:\/\/www.fingosolutions.ch\/wp-content\/uploads\/Sans-titre-3-5.png","type":"","width":"","height":""}],"twitter_card":"summary_large_image","schema":{"@context":"https:\/\/schema.org","@graph":[{"@type":"WebPage","@id":"https:\/\/www.fingosolutions.ch\/de\/kontakt\/","url":"https:\/\/www.fingosolutions.ch\/de\/kontakt\/","name":"Kontaktieren Sie uns | Fingo Solutions","isPartOf":{"@id":"https:\/\/www.fingosolutions.ch\/de\/#website"},"datePublished":"2021-01-15T15:32:05+00:00","dateModified":"2021-04-15T12:15:55+00:00","description":"Sie haben ein Investitionsprojekt und m\u00f6chten ein Computer-Mietangebot einholen? Oder eine Simulation f\u00fcr eine \u00dcbernahme machen?","breadcrumb":{"@id":"https:\/\/www.fingosolutions.ch\/de\/kontakt\/#breadcrumb"},"inLanguage":"de","potentialAction":[{"@type":"ReadAction","target":["https:\/\/www.fingosolutions.ch\/de\/kontakt\/"]}]},{"@type":"BreadcrumbList","@id":"https:\/\/www.fingosolutions.ch\/de\/kontakt\/#breadcrumb","itemListElement":[{"@type":"ListItem","position":1,"name":"Home","item":"https:\/\/www.fingosolutions.ch\/de\/"},{"@type":"ListItem","position":2,"name":"Kontaktieren Sie uns"}]},{"@type":"WebSite","@id":"https:\/\/www.fingosolutions.ch\/de\/#website","url":"https:\/\/www.fingosolutions.ch\/de\/","name":"Fingo Solutions","description":"Nous cr\u00e9ons, fa\u00e7onnons et modelons votre propre solution de financement pour vos actifs technologiques","publisher":{"@id":"https:\/\/www.fingosolutions.ch\/de\/#organization"},"potentialAction":[{"@type":"SearchAction","target":{"@type":"EntryPoint","urlTemplate":"https:\/\/www.fingosolutions.ch\/de\/?s={search_term_string}"},"query-input":{"@type":"PropertyValueSpecification","valueRequired":true,"valueName":"search_term_string"}}],"inLanguage":"de"},{"@type":"Organization","@id":"https:\/\/www.fingosolutions.ch\/de\/#organization","name":"FinGO Solutions","url":"https:\/\/www.fingosolutions.ch\/de\/","logo":{"@type":"ImageObject","inLanguage":"de","@id":"https:\/\/www.fingosolutions.ch\/de\/#\/schema\/logo\/image\/","url":"https:\/\/i0.wp.com\/www.fingosolutions.ch\/wp-content\/uploads\/Logo-Fingo-Slogan.png?fit=491%2C222&ssl=1","contentUrl":"https:\/\/i0.wp.com\/www.fingosolutions.ch\/wp-content\/uploads\/Logo-Fingo-Slogan.png?fit=491%2C222&ssl=1","width":491,"height":222,"caption":"FinGO Solutions"},"image":{"@id":"https:\/\/www.fingosolutions.ch\/de\/#\/schema\/logo\/image\/"}}]}},"jetpack_sharing_enabled":true,"_links":{"self":[{"href":"https:\/\/www.fingosolutions.ch\/de\/wp-json\/wp\/v2\/pages\/2483","targetHints":{"allow":["GET"]}}],"collection":[{"href":"https:\/\/www.fingosolutions.ch\/de\/wp-json\/wp\/v2\/pages"}],"about":[{"href":"https:\/\/www.fingosolutions.ch\/de\/wp-json\/wp\/v2\/types\/page"}],"author":[{"embeddable":true,"href":"https:\/\/www.fingosolutions.ch\/de\/wp-json\/wp\/v2\/users\/1"}],"replies":[{"embeddable":true,"href":"https:\/\/www.fingosolutions.ch\/de\/wp-json\/wp\/v2\/comments?post=2483"}],"version-history":[{"count":13,"href":"https:\/\/www.fingosolutions.ch\/de\/wp-json\/wp\/v2\/pages\/2483\/revisions"}],"predecessor-version":[{"id":3049,"href":"https:\/\/www.fingosolutions.ch\/de\/wp-json\/wp\/v2\/pages\/2483\/revisions\/3049"}],"wp:attachment":[{"href":"https:\/\/www.fingosolutions.ch\/de\/wp-json\/wp\/v2\/media?parent=2483"}],"curies":[{"name":"wp","href":"https:\/\/api.w.org\/{rel}","templated":true}]}}