{"id":2485,"date":"2020-03-09T10:43:37","date_gmt":"2020-03-09T08:43:37","guid":{"rendered":"https:\/\/www.fingosolutions.ch\/pourquoi-fingo\/"},"modified":"2021-03-16T15:37:57","modified_gmt":"2021-03-16T13:37:57","slug":"warum-fingo","status":"publish","type":"page","link":"https:\/\/www.fingosolutions.ch\/de\/warum-fingo\/","title":{"rendered":"Warum Fingo?"},"content":{"rendered":"<div>\n<h2><strong>Einfacher Zugang zu den neuesten technologischen Innovationen.<\/strong><\/h2>\n<p>Mit den massgeschneiderten Finanzierungsl\u00f6sungen von FINGO Solutions f\u00f6rdern Sie das Wachstum Ihres Unternehmens durch technologische Innovationen, ohne Ihren Cashflow zu beeintr\u00e4chtigen. Auf diese Weise behalten Sie Ihr Geld, um Aktivit\u00e4ten zu finanzieren, die in direktem Zusammenhang mit Ihrem Kerngesch\u00e4ft stehen.<\/p>\n<\/div>\n<p><img decoding=\"async\" src=\"\/wp-content\/uploads\/Fingo-Solutions-Financement-Technologique-Location-Longue-dur%C3%A9e.jpg\" alt=\"\"><\/p>\n<h3><strong>Ein leistungsf\u00e4higeres Unternehmen dank technologischer Innovation<\/strong><\/h3>\n<div>\n<p>Wenn Sie wachsen wollen, ohne Ihre Kasse zu belasten, dann haben wir eine hervorragende L\u00f6sung f\u00fcr Sie. Die innovativen und massgeschneiderten Finanzierungsl\u00f6sungen von FINGO Solutions erm\u00f6glichen es Ihnen, die volle Leistung der Technologie zu nutzen ohne eigenes Geld einzusetzen. Jedes Unternehmen muss sich vor einem Einsatz seiner Ressourcen die essentielle Frage stellen: Wie hoch ist die Rendite auf das eingesetzte Kapital?<\/p>\n<\/div>\n<p><img decoding=\"async\" src=\"\/wp-content\/uploads\/Fingo-Solutions-Location-Longue-Dur%C3%A9e.jpg\" alt=\"\"><\/p>\n<h3><strong>Administrative Vereinfachung<\/strong><\/h3>\n<div>\n<p>FINGO \u00fcbernimmt den Grossteil Ihrer administrativen Aufgaben, wie z.B. die Bezahlung aller Rechnungen im Rahmen des definierten Projektes sowie die Verwaltung Ihrer IT Infrastruktur &#8211; dies bei gleichzeitiger \u00dcbernahme des Abschreibungsrisikos.<\/p>\n<\/div>\n<p><img decoding=\"async\" src=\"\/wp-content\/uploads\/controle-couts-fingo.jpg\" alt=\"\"><\/p>\n<h3><strong>Kostenkontrolle<\/strong><\/h3>\n<div>\n<p>Die fachkundige Beratung von FINGO zur Optimierung Ihrer IT Infrastruktur erm\u00f6glicht es Ihnen, dessen Heterogenit\u00e4t &#8211; eine Quelle erheblicher versteckter Kosten &#8211; einzuschr\u00e4nken und Sie so von einem Grossteil der Betriebskosten zu befreien, indem wir diese f\u00fcr Sie \u00fcbernehmen.<\/p>\n<\/div>\n<p><img decoding=\"async\" src=\"\/wp-content\/uploads\/Fingo-Solutions-Financement-Technologique-Location-6.jpg\" alt=\"\"><\/p>\n<h3><strong>Ein nachhaltiges und optimiertes Management des Ger\u00e4telebenszyklus<\/strong><\/h3>\n<div>\n<p>Sie sind frei, Lebenszyklen nach Ihrem eigenen Bild zu w\u00e4hlen. Wenn Sie sich f\u00fcr kurze Lebenszyklen entscheiden, aber gleichzeitig die programmierte Obsoleszenz bek\u00e4mpfen wollen, garantiert FINGO ein zweites Leben f\u00fcr Ihre Ger\u00e4te. \u00a0Wenn Sie dagegen l\u00e4ngere Lebenszyklen bevorzugen, verpflichtet sich FINGO, die Ger\u00e4te am Ende der Nutzungszeit auszubauen und umweltgerecht zu entsorgen. Die Entsorgung erfolgt in diesem Fall nach den strengsten Umweltstandards. Sie bestimmen die Laufzeit des Vertrages selbst, je nach gew\u00fcnschtem Lebenszyklus.<\/p>\n<\/div>\n<h1><strong>Ihre Vorteile auf einen Blick<\/strong><\/h1>\n<table>\n<tbody>\n<tr>\n<td><span class=\"el-image uk-icon\" uk-icon=\"icon: nut; ratio: 1.2;\"><\/span> Sie haben direkten Zugang zu technologischen Innovationen ohne Abschreibung (OPEX vs. CAPEX)<\/p>\n<\/td>\n<\/tr>\n<tr>\n<td><span class=\"el-image uk-icon\" uk-icon=\"icon: nut; ratio: 1.2;\"><\/span> Sie sind immer auf dem neusten Stand der Technologie.<\/p>\n<\/td>\n<\/tr>\n<tr>\n<td><span class=\"el-image uk-icon\" uk-icon=\"icon: nut; ratio: 1.2;\"><\/span> Sie behalten Ihr Cash f\u00fcr Ihre Kerngesch\u00e4ftsaktivit\u00e4ten.<\/p>\n<\/td>\n<\/tr>\n<tr>\n<td><span class=\"el-image uk-icon\" uk-icon=\"icon: nut; ratio: 1.2;\"><\/span> Sie vermeiden durch Financial Engineering Investitionsspitzen.<\/p>\n<\/td>\n<\/tr>\n<\/tbody>\n<\/table>\n<table>\n<tbody>\n<tr>\n<td><span class=\"el-image uk-icon\" uk-icon=\"icon: nut; ratio: 1.2;\"><\/span> Administrative Aufgaben und Asset Management inklusive Recycling entfallen f\u00fcr Sie.<\/p>\n<\/td>\n<\/tr>\n<tr>\n<td><span class=\"el-image uk-icon\" uk-icon=\"icon: nut; ratio: 1.2;\"><\/span> Sie bestimmen die Lebenszyklen Ihrer technologischen Infrastruktur.<\/p>\n<\/td>\n<\/tr>\n<tr>\n<td><span class=\"el-image uk-icon\" uk-icon=\"icon: nut; ratio: 1.2;\"><\/span> Sie reduzieren Ihre Gesamtbetriebskosten (TCO) dank eines optimierten Managements Ihrer IT Infrastruktur.<\/p>\n<\/td>\n<\/tr>\n<\/tbody>\n<\/table>\n<p><!-- {\"name\":\"Page accueil Finale\",\"type\":\"layout\",\"children\":[{\"name\":\"Services\",\"type\":\"section\",\"props\":{\"width\":\"default\",\"padding\":\"large\",\"style\":\"default\",\"image_size\":\"cover\",\"animation\":\"scale-up\",\"image_position\":\"center-center\",\"vertical_align\":\"middle\",\"title_position\":\"top-left\",\"title_rotation\":\"left\",\"title_breakpoint\":\"xl\",\"id\":\"services\"},\"children\":[{\"type\":\"row\",\"children\":[{\"type\":\"column\",\"props\":{\"image_position\":\"center-center\",\"media_overlay_gradient\":\"\",\"width_medium\":\"1-1\"},\"children\":[{\"name\":\"Text\",\"type\":\"text\",\"props\":{\"margin\":\"default\",\"content\":\"\n\n<h2><strong>Einfacher Zugang zu den neuesten technologischen Innovationen.<\\\/strong><\\\/h2>\\n\n\n<p>Mit den massgeschneiderten Finanzierungsl\\u00f6sungen von FINGO Solutions f\\u00f6rdern Sie das Wachstum Ihres Unternehmens durch technologische Innovationen, ohne Ihren Cashflow zu beeintr\\u00e4chtigen. Auf diese Weise behalten Sie Ihr Geld, um Aktivit\\u00e4ten zu finanzieren, die in direktem Zusammenhang mit Ihrem Kerngesch\\u00e4ft stehen.<\\\/p>\",\"text_align\":\"center\",\"maxwidth\":\"2xlarge\",\"column_breakpoint\":\"m\",\"block_align\":\"center\"}}]}]},{\"name\":\"\",\"type\":\"row\",\"props\":{\"layout\":\"1-2,1-2\",\"vertical_align\":true},\"children\":[{\"name\":\"\",\"type\":\"column\",\"props\":{\"image_position\":\"center-center\",\"vertical_align\":\"middle\",\"media_overlay_gradient\":\"\",\"width_large\":\"1-2\"},\"children\":[{\"name\":\"\",\"type\":\"image\",\"props\":{\"margin\":\"default\",\"image\":\"wp-content\\\/uploads\\\/Fingo-Solutions-Financement-Technologique-Location-Longue-dur\\u00e9e.jpg\",\"image_width\":\"920\",\"image_svg_color\":\"emphasis\"}}]},{\"name\":\"\",\"type\":\"column\",\"props\":{\"image_position\":\"center-center\",\"vertical_align\":\"middle\",\"media_overlay_gradient\":\"\",\"width_large\":\"1-2\"},\"children\":[{\"name\":\"\",\"type\":\"headline\",\"props\":{\"title_element\":\"h3\",\"text_align\":\"left\",\"content\":\"<strong>Ein leistungsf\\u00e4higeres Unternehmen dank technologischer Innovation<\\\/strong>\",\"title_style\":\"h2\",\"margin\":\"medium\",\"maxwidth\":\"large\",\"block_align\":\"right\",\"block_align_breakpoint\":\"l\",\"block_align_fallback\":\"center\",\"text_align_breakpoint\":\"l\",\"text_align_fallback\":\"center\"}},{\"name\":\"\",\"type\":\"text\",\"props\":{\"margin\":\"remove-vertical\",\"content\":\"\n\n<p>Wenn Sie wachsen wollen, ohne Ihre Kasse zu belasten, dann haben wir eine hervorragende L\\u00f6sung f\\u00fcr Sie. Die innovativen und massgeschneiderten Finanzierungsl\\u00f6sungen von FINGO Solutions erm\\u00f6glichen es Ihnen, die volle Leistung der Technologie zu nutzen ohne eigenes Geld einzusetzen. Jedes Unternehmen muss sich vor einem Einsatz seiner Ressourcen die essentielle Frage stellen: Wie hoch ist die Rendite auf das eingesetzte Kapital?<\\\/p>\",\"text_align\":\"justify\",\"maxwidth\":\"large\",\"column_breakpoint\":\"m\",\"block_align\":\"right\",\"block_align_breakpoint\":\"l\",\"block_align_fallback\":\"center\"}}]}]},{\"name\":\"\",\"type\":\"row\",\"props\":{\"layout\":\"1-2,1-2\",\"vertical_align\":true},\"children\":[{\"name\":\"\",\"type\":\"column\",\"props\":{\"image_position\":\"center-center\",\"vertical_align\":\"middle\",\"media_overlay_gradient\":\"\",\"width_large\":\"1-2\"},\"children\":[{\"name\":\"\",\"type\":\"image\",\"props\":{\"margin\":\"default\",\"image\":\"wp-content\\\/uploads\\\/Fingo-Solutions-Location-Longue-Dur\\u00e9e.jpg\",\"image_width\":\"920\",\"image_svg_color\":\"emphasis\"}}]},{\"name\":\"\",\"type\":\"column\",\"props\":{\"image_position\":\"center-center\",\"vertical_align\":\"middle\",\"media_overlay_gradient\":\"\",\"width_large\":\"1-2\",\"order_first\":\"l\"},\"children\":[{\"name\":\"\",\"type\":\"headline\",\"props\":{\"title_element\":\"h3\",\"text_align\":\"left\",\"content\":\"<strong>Administrative Vereinfachung<\\\/strong>\",\"title_style\":\"h2\",\"margin\":\"medium\",\"text_align_breakpoint\":\"l\",\"text_align_fallback\":\"center\"}},{\"name\":\"\",\"type\":\"text\",\"props\":{\"margin\":\"remove-vertical\",\"content\":\"\n\n<p>FINGO \\u00fcbernimmt den Grossteil Ihrer administrativen Aufgaben, wie z.B. die Bezahlung aller Rechnungen im Rahmen des definierten Projektes sowie die Verwaltung Ihrer IT Infrastruktur - dies bei gleichzeitiger \\u00dcbernahme des Abschreibungsrisikos.<\\\/p>\",\"text_align\":\"justify\",\"maxwidth\":\"large\",\"column_breakpoint\":\"m\",\"block_align_breakpoint\":\"l\",\"block_align_fallback\":\"center\"}}]}]},{\"name\":\"\",\"type\":\"row\",\"props\":{\"layout\":\"1-2,1-2\",\"vertical_align\":true},\"children\":[{\"name\":\"\",\"type\":\"column\",\"props\":{\"image_position\":\"center-center\",\"vertical_align\":\"middle\",\"media_overlay_gradient\":\"\",\"width_large\":\"1-2\"},\"children\":[{\"type\":\"image\",\"props\":{\"margin\":\"default\",\"image_svg_color\":\"emphasis\",\"image\":\"wp-content\\\/uploads\\\/controle-couts-fingo.jpg\",\"image_width\":\"920\"}}]},{\"name\":\"\",\"type\":\"column\",\"props\":{\"image_position\":\"center-center\",\"vertical_align\":\"middle\",\"media_overlay_gradient\":\"\",\"width_large\":\"1-2\"},\"children\":[{\"name\":\"\",\"type\":\"headline\",\"props\":{\"title_element\":\"h3\",\"text_align\":\"left\",\"content\":\"<strong>Kostenkontrolle<\\\/strong>\",\"title_style\":\"h2\",\"margin\":\"medium\",\"maxwidth\":\"large\",\"block_align\":\"right\",\"block_align_breakpoint\":\"l\",\"block_align_fallback\":\"center\",\"text_align_breakpoint\":\"l\",\"text_align_fallback\":\"center\"}},{\"name\":\"\",\"type\":\"text\",\"props\":{\"margin\":\"remove-vertical\",\"content\":\"\n\n<p>Die fachkundige Beratung von FINGO zur Optimierung Ihrer IT Infrastruktur erm\\u00f6glicht es Ihnen, dessen Heterogenit\\u00e4t - eine Quelle erheblicher versteckter Kosten - einzuschr\\u00e4nken und Sie so von einem Grossteil der Betriebskosten zu befreien, indem wir diese f\\u00fcr Sie \\u00fcbernehmen.<\\\/p>\",\"text_align\":\"justify\",\"maxwidth\":\"large\",\"column_breakpoint\":\"m\",\"block_align\":\"right\",\"block_align_breakpoint\":\"l\",\"block_align_fallback\":\"center\"}}]}]},{\"name\":\"\",\"type\":\"row\",\"props\":{\"layout\":\"1-2,1-2\",\"vertical_align\":true},\"children\":[{\"name\":\"\",\"type\":\"column\",\"props\":{\"image_position\":\"center-center\",\"vertical_align\":\"middle\",\"media_overlay_gradient\":\"\",\"width_large\":\"1-2\"},\"children\":[{\"name\":\"\",\"type\":\"image\",\"props\":{\"margin\":\"default\",\"image\":\"wp-content\\\/uploads\\\/Fingo-Solutions-Financement-Technologique-Location-6.jpg\",\"image_width\":\"920\",\"image_svg_color\":\"emphasis\"}}]},{\"name\":\"\",\"type\":\"column\",\"props\":{\"image_position\":\"center-center\",\"vertical_align\":\"middle\",\"media_overlay_gradient\":\"\",\"width_large\":\"1-2\",\"order_first\":\"l\"},\"children\":[{\"name\":\"\",\"type\":\"headline\",\"props\":{\"title_element\":\"h3\",\"text_align\":\"left\",\"content\":\"<strong>Ein nachhaltiges und optimiertes Management des Ger\\u00e4telebenszyklus<\\\/strong>\",\"title_style\":\"h2\",\"margin\":\"medium\",\"text_align_breakpoint\":\"l\",\"text_align_fallback\":\"center\"}},{\"name\":\"\",\"type\":\"text\",\"props\":{\"margin\":\"remove-vertical\",\"content\":\"\n\n<p>Sie sind frei, Lebenszyklen nach Ihrem eigenen Bild zu w\\u00e4hlen. Wenn Sie sich f\\u00fcr kurze Lebenszyklen entscheiden, aber gleichzeitig die programmierte Obsoleszenz bek\\u00e4mpfen wollen, garantiert FINGO ein zweites Leben f\\u00fcr Ihre Ger\\u00e4te. \\u00a0Wenn Sie dagegen l\\u00e4ngere Lebenszyklen bevorzugen, verpflichtet sich FINGO, die Ger\\u00e4te am Ende der Nutzungszeit auszubauen und umweltgerecht zu entsorgen. Die Entsorgung erfolgt in diesem Fall nach den strengsten Umweltstandards. Sie bestimmen die Laufzeit des Vertrages selbst, je nach gew\\u00fcnschtem Lebenszyklus.<\\\/p>\",\"text_align\":\"justify\",\"maxwidth\":\"large\",\"column_breakpoint\":\"m\",\"block_align_breakpoint\":\"l\",\"block_align_fallback\":\"center\"}}]}]},{\"type\":\"row\",\"children\":[{\"type\":\"column\",\"props\":{\"image_position\":\"center-center\",\"media_overlay_gradient\":\"\",\"width_medium\":\"1-1\"},\"children\":[{\"type\":\"headline\",\"props\":{\"title_element\":\"h1\",\"text_align\":\"left\",\"text_align_breakpoint\":\"l\",\"text_align_fallback\":\"center\",\"content\":\"<strong>Ihre Vorteile auf einen Blick<\\\/strong>\"}}]}]},{\"type\":\"row\",\"props\":{\"layout\":\"1-2,1-2\"},\"children\":[{\"type\":\"column\",\"props\":{\"image_position\":\"center-center\",\"media_overlay_gradient\":\"\",\"width_medium\":\"1-2\"},\"children\":[{\"type\":\"table\",\"props\":{\"show_title\":true,\"show_meta\":true,\"show_content\":true,\"show_image\":true,\"show_link\":true,\"table_order\":\"1\",\"table_responsive\":\"overflow\",\"table_width_title\":\"shrink\",\"table_width_meta\":\"shrink\",\"meta_style\":\"meta\",\"image_svg_color\":\"emphasis\",\"link_text\":\"Read more\",\"link_style\":\"default\",\"table_style\":\"\",\"table_size\":\"\",\"table_last_align\":\"\",\"table_width_content\":\"\",\"block_align\":\"center\",\"text_align\":\"justify\"},\"children\":[{\"type\":\"table_item\",\"props\":{\"title\":\"\",\"content\":\"<span class=\\\"el-image uk-icon\\\" uk-icon=\\\"icon: nut; ratio: 1.2;\\\"><\\\/span> Sie haben direkten Zugang zu technologischen Innovationen ohne Abschreibung (OPEX vs. CAPEX)<\\\/p>\"}},{\"type\":\"table_item\",\"props\":{\"content\":\"<span class=\\\"el-image uk-icon\\\" uk-icon=\\\"icon: nut; ratio: 1.2;\\\"><\\\/span> Sie sind immer auf dem neusten Stand der Technologie.<\\\/p>\",\"image\":\"\",\"title\":\"\",\"meta\":\"\",\"image_alt\":\"\"}},{\"type\":\"table_item\",\"props\":{\"content\":\"<span class=\\\"el-image uk-icon\\\" uk-icon=\\\"icon: nut; ratio: 1.2;\\\"><\\\/span> Sie behalten Ihr Cash f\\u00fcr Ihre Kerngesch\\u00e4ftsaktivit\\u00e4ten.<\\\/p>\",\"image\":\"\",\"title\":\"\",\"meta\":\"\",\"image_alt\":\"\"}},{\"type\":\"table_item\",\"props\":{\"content\":\"<span class=\\\"el-image uk-icon\\\" uk-icon=\\\"icon: nut; ratio: 1.2;\\\"><\\\/span> Sie vermeiden durch Financial Engineering Investitionsspitzen.<\\\/p>\",\"image\":\"\",\"title\":\"\",\"meta\":\"\",\"image_alt\":\"\"}}]}]},{\"type\":\"column\",\"props\":{\"image_position\":\"center-center\",\"media_overlay_gradient\":\"\",\"width_medium\":\"1-2\"},\"children\":[{\"type\":\"table\",\"props\":{\"show_title\":true,\"show_meta\":true,\"show_content\":true,\"show_image\":true,\"show_link\":true,\"table_order\":\"1\",\"table_responsive\":\"overflow\",\"table_width_title\":\"shrink\",\"table_width_meta\":\"shrink\",\"meta_style\":\"meta\",\"image_svg_color\":\"emphasis\",\"link_text\":\"Read more\",\"link_style\":\"default\",\"table_style\":\"\",\"table_size\":\"\",\"table_last_align\":\"left\",\"table_width_content\":\"\",\"margin\":\"remove-vertical\",\"block_align\":\"center\",\"text_align\":\"justify\",\"table_vertical_align\":true},\"children\":[{\"type\":\"table_item\",\"props\":{\"content\":\"<span class=\\\"el-image uk-icon\\\" uk-icon=\\\"icon: nut; ratio: 1.2;\\\"><\\\/span> Administrative Aufgaben und Asset Management inklusive Recycling entfallen f\\u00fcr Sie.<\\\/p>\",\"image\":\"\",\"title\":\"\",\"meta\":\"\",\"image_alt\":\"\"}},{\"type\":\"table_item\",\"props\":{\"content\":\"<span class=\\\"el-image uk-icon\\\" uk-icon=\\\"icon: nut; ratio: 1.2;\\\"><\\\/span> Sie bestimmen die Lebenszyklen Ihrer technologischen Infrastruktur.<\\\/p>\",\"image\":\"\",\"title\":\"\",\"meta\":\"\",\"image_alt\":\"\"}},{\"type\":\"table_item\",\"props\":{\"content\":\"<span class=\\\"el-image uk-icon\\\" uk-icon=\\\"icon: nut; ratio: 1.2;\\\"><\\\/span> Sie reduzieren Ihre Gesamtbetriebskosten (TCO) dank eines optimierten Managements Ihrer IT Infrastruktur.<\\\/p>\",\"image\":\"\",\"title\":\"\",\"meta\":\"\",\"image_alt\":\"\"}}]}]}]}]}],\"version\":\"2.1.1\"} --><\/p>\n","protected":false},"excerpt":{"rendered":"<p>Einfacher Zugang zu den neuesten technologischen Innovationen. Mit den massgeschneiderten Finanzierungsl\u00f6sungen von FINGO Solutions f\u00f6rdern Sie das Wachstum Ihres Unternehmens durch technologische Innovationen, ohne Ihren Cashflow zu beeintr\u00e4chtigen. Auf diese Weise behalten Sie Ihr Geld, um Aktivit\u00e4ten zu finanzieren, die in direktem Zusammenhang mit Ihrem Kerngesch\u00e4ft stehen. Ein leistungsf\u00e4higeres Unternehmen [&hellip;]<\/p>\n","protected":false},"author":1,"featured_media":0,"parent":0,"menu_order":3,"comment_status":"closed","ping_status":"closed","template":"","meta":{"footnotes":""},"class_list":["post-2485","page","type-page","status-publish","hentry"],"yoast_head":"<!-- This site is optimized with the Yoast SEO plugin v27.4 - https:\/\/yoast.com\/product\/yoast-seo-wordpress\/ -->\n<title>Warum Fingo w\u00e4hlen? IT-Leasing technologischer Innovation<\/title>\n<meta name=\"description\" content=\"Mit den ma\u00dfgeschneiderten Finanzierungsoptionen von FINGO Solutions k\u00f6nnen Sie Ihr Unternehmen durch technologische Innovatione...\" \/>\n<meta name=\"robots\" content=\"index, follow, max-snippet:-1, max-image-preview:large, max-video-preview:-1\" \/>\n<link rel=\"canonical\" href=\"https:\/\/www.fingosolutions.ch\/de\/warum-fingo\/\" \/>\n<meta property=\"og:locale\" content=\"de_DE\" \/>\n<meta property=\"og:type\" content=\"article\" \/>\n<meta property=\"og:title\" content=\"Warum Fingo w\u00e4hlen? IT-Leasing technologischer Innovation\" \/>\n<meta property=\"og:description\" content=\"Mit den ma\u00dfgeschneiderten Finanzierungsoptionen von FINGO Solutions k\u00f6nnen Sie Ihr Unternehmen durch technologische Innovatione...\" \/>\n<meta property=\"og:url\" content=\"https:\/\/www.fingosolutions.ch\/de\/warum-fingo\/\" \/>\n<meta property=\"og:site_name\" content=\"Fingo Solutions\" \/>\n<meta property=\"article:modified_time\" content=\"2021-03-16T13:37:57+00:00\" \/>\n<meta property=\"og:image\" content=\"https:\/\/www.fingosolutions.ch\/wp-content\/uploads\/Fingo-Solutions-Financement-Technologique-Location-Longue-dur%C3%A9e.jpg\" \/>\n<meta name=\"twitter:card\" content=\"summary_large_image\" \/>\n<meta name=\"twitter:label1\" content=\"Gesch\u00e4tzte Lesezeit\" \/>\n\t<meta name=\"twitter:data1\" content=\"2\u00a0Minuten\" \/>\n<script type=\"application\/ld+json\" class=\"yoast-schema-graph\">{\"@context\":\"https:\\\/\\\/schema.org\",\"@graph\":[{\"@type\":\"WebPage\",\"@id\":\"https:\\\/\\\/www.fingosolutions.ch\\\/de\\\/warum-fingo\\\/\",\"url\":\"https:\\\/\\\/www.fingosolutions.ch\\\/de\\\/warum-fingo\\\/\",\"name\":\"Warum Fingo w\u00e4hlen? IT-Leasing technologischer Innovation\",\"isPartOf\":{\"@id\":\"https:\\\/\\\/www.fingosolutions.ch\\\/de\\\/#website\"},\"datePublished\":\"2020-03-09T08:43:37+00:00\",\"dateModified\":\"2021-03-16T13:37:57+00:00\",\"description\":\"Mit den ma\u00dfgeschneiderten Finanzierungsoptionen von FINGO Solutions k\u00f6nnen Sie Ihr Unternehmen durch technologische Innovatione...\",\"breadcrumb\":{\"@id\":\"https:\\\/\\\/www.fingosolutions.ch\\\/de\\\/warum-fingo\\\/#breadcrumb\"},\"inLanguage\":\"de\",\"potentialAction\":[{\"@type\":\"ReadAction\",\"target\":[\"https:\\\/\\\/www.fingosolutions.ch\\\/de\\\/warum-fingo\\\/\"]}]},{\"@type\":\"BreadcrumbList\",\"@id\":\"https:\\\/\\\/www.fingosolutions.ch\\\/de\\\/warum-fingo\\\/#breadcrumb\",\"itemListElement\":[{\"@type\":\"ListItem\",\"position\":1,\"name\":\"Home\",\"item\":\"https:\\\/\\\/www.fingosolutions.ch\\\/de\\\/\"},{\"@type\":\"ListItem\",\"position\":2,\"name\":\"Warum Fingo?\"}]},{\"@type\":\"WebSite\",\"@id\":\"https:\\\/\\\/www.fingosolutions.ch\\\/de\\\/#website\",\"url\":\"https:\\\/\\\/www.fingosolutions.ch\\\/de\\\/\",\"name\":\"Fingo Solutions\",\"description\":\"Nous cr\u00e9ons, fa\u00e7onnons et modelons votre propre solution de financement pour vos actifs technologiques\",\"publisher\":{\"@id\":\"https:\\\/\\\/www.fingosolutions.ch\\\/de\\\/#organization\"},\"potentialAction\":[{\"@type\":\"SearchAction\",\"target\":{\"@type\":\"EntryPoint\",\"urlTemplate\":\"https:\\\/\\\/www.fingosolutions.ch\\\/de\\\/?s={search_term_string}\"},\"query-input\":{\"@type\":\"PropertyValueSpecification\",\"valueRequired\":true,\"valueName\":\"search_term_string\"}}],\"inLanguage\":\"de\"},{\"@type\":\"Organization\",\"@id\":\"https:\\\/\\\/www.fingosolutions.ch\\\/de\\\/#organization\",\"name\":\"FinGO Solutions\",\"url\":\"https:\\\/\\\/www.fingosolutions.ch\\\/de\\\/\",\"logo\":{\"@type\":\"ImageObject\",\"inLanguage\":\"de\",\"@id\":\"https:\\\/\\\/www.fingosolutions.ch\\\/de\\\/#\\\/schema\\\/logo\\\/image\\\/\",\"url\":\"https:\\\/\\\/i0.wp.com\\\/www.fingosolutions.ch\\\/wp-content\\\/uploads\\\/Logo-Fingo-Slogan.png?fit=491%2C222&ssl=1\",\"contentUrl\":\"https:\\\/\\\/i0.wp.com\\\/www.fingosolutions.ch\\\/wp-content\\\/uploads\\\/Logo-Fingo-Slogan.png?fit=491%2C222&ssl=1\",\"width\":491,\"height\":222,\"caption\":\"FinGO Solutions\"},\"image\":{\"@id\":\"https:\\\/\\\/www.fingosolutions.ch\\\/de\\\/#\\\/schema\\\/logo\\\/image\\\/\"}}]}<\/script>\n<!-- \/ Yoast SEO plugin. -->","yoast_head_json":{"title":"Warum Fingo w\u00e4hlen? IT-Leasing technologischer Innovation","description":"Mit den ma\u00dfgeschneiderten Finanzierungsoptionen von FINGO Solutions k\u00f6nnen Sie Ihr Unternehmen durch technologische Innovatione...","robots":{"index":"index","follow":"follow","max-snippet":"max-snippet:-1","max-image-preview":"max-image-preview:large","max-video-preview":"max-video-preview:-1"},"canonical":"https:\/\/www.fingosolutions.ch\/de\/warum-fingo\/","og_locale":"de_DE","og_type":"article","og_title":"Warum Fingo w\u00e4hlen? IT-Leasing technologischer Innovation","og_description":"Mit den ma\u00dfgeschneiderten Finanzierungsoptionen von FINGO Solutions k\u00f6nnen Sie Ihr Unternehmen durch technologische Innovatione...","og_url":"https:\/\/www.fingosolutions.ch\/de\/warum-fingo\/","og_site_name":"Fingo Solutions","article_modified_time":"2021-03-16T13:37:57+00:00","og_image":[{"url":"https:\/\/www.fingosolutions.ch\/wp-content\/uploads\/Fingo-Solutions-Financement-Technologique-Location-Longue-dur%C3%A9e.jpg","type":"","width":"","height":""}],"twitter_card":"summary_large_image","twitter_misc":{"Gesch\u00e4tzte Lesezeit":"2\u00a0Minuten"},"schema":{"@context":"https:\/\/schema.org","@graph":[{"@type":"WebPage","@id":"https:\/\/www.fingosolutions.ch\/de\/warum-fingo\/","url":"https:\/\/www.fingosolutions.ch\/de\/warum-fingo\/","name":"Warum Fingo w\u00e4hlen? IT-Leasing technologischer Innovation","isPartOf":{"@id":"https:\/\/www.fingosolutions.ch\/de\/#website"},"datePublished":"2020-03-09T08:43:37+00:00","dateModified":"2021-03-16T13:37:57+00:00","description":"Mit den ma\u00dfgeschneiderten Finanzierungsoptionen von FINGO Solutions k\u00f6nnen Sie Ihr Unternehmen durch technologische Innovatione...","breadcrumb":{"@id":"https:\/\/www.fingosolutions.ch\/de\/warum-fingo\/#breadcrumb"},"inLanguage":"de","potentialAction":[{"@type":"ReadAction","target":["https:\/\/www.fingosolutions.ch\/de\/warum-fingo\/"]}]},{"@type":"BreadcrumbList","@id":"https:\/\/www.fingosolutions.ch\/de\/warum-fingo\/#breadcrumb","itemListElement":[{"@type":"ListItem","position":1,"name":"Home","item":"https:\/\/www.fingosolutions.ch\/de\/"},{"@type":"ListItem","position":2,"name":"Warum Fingo?"}]},{"@type":"WebSite","@id":"https:\/\/www.fingosolutions.ch\/de\/#website","url":"https:\/\/www.fingosolutions.ch\/de\/","name":"Fingo Solutions","description":"Nous cr\u00e9ons, fa\u00e7onnons et modelons votre propre solution de financement pour vos actifs technologiques","publisher":{"@id":"https:\/\/www.fingosolutions.ch\/de\/#organization"},"potentialAction":[{"@type":"SearchAction","target":{"@type":"EntryPoint","urlTemplate":"https:\/\/www.fingosolutions.ch\/de\/?s={search_term_string}"},"query-input":{"@type":"PropertyValueSpecification","valueRequired":true,"valueName":"search_term_string"}}],"inLanguage":"de"},{"@type":"Organization","@id":"https:\/\/www.fingosolutions.ch\/de\/#organization","name":"FinGO Solutions","url":"https:\/\/www.fingosolutions.ch\/de\/","logo":{"@type":"ImageObject","inLanguage":"de","@id":"https:\/\/www.fingosolutions.ch\/de\/#\/schema\/logo\/image\/","url":"https:\/\/i0.wp.com\/www.fingosolutions.ch\/wp-content\/uploads\/Logo-Fingo-Slogan.png?fit=491%2C222&ssl=1","contentUrl":"https:\/\/i0.wp.com\/www.fingosolutions.ch\/wp-content\/uploads\/Logo-Fingo-Slogan.png?fit=491%2C222&ssl=1","width":491,"height":222,"caption":"FinGO Solutions"},"image":{"@id":"https:\/\/www.fingosolutions.ch\/de\/#\/schema\/logo\/image\/"}}]}},"jetpack_sharing_enabled":true,"_links":{"self":[{"href":"https:\/\/www.fingosolutions.ch\/de\/wp-json\/wp\/v2\/pages\/2485","targetHints":{"allow":["GET"]}}],"collection":[{"href":"https:\/\/www.fingosolutions.ch\/de\/wp-json\/wp\/v2\/pages"}],"about":[{"href":"https:\/\/www.fingosolutions.ch\/de\/wp-json\/wp\/v2\/types\/page"}],"author":[{"embeddable":true,"href":"https:\/\/www.fingosolutions.ch\/de\/wp-json\/wp\/v2\/users\/1"}],"replies":[{"embeddable":true,"href":"https:\/\/www.fingosolutions.ch\/de\/wp-json\/wp\/v2\/comments?post=2485"}],"version-history":[{"count":31,"href":"https:\/\/www.fingosolutions.ch\/de\/wp-json\/wp\/v2\/pages\/2485\/revisions"}],"predecessor-version":[{"id":3372,"href":"https:\/\/www.fingosolutions.ch\/de\/wp-json\/wp\/v2\/pages\/2485\/revisions\/3372"}],"wp:attachment":[{"href":"https:\/\/www.fingosolutions.ch\/de\/wp-json\/wp\/v2\/media?parent=2485"}],"curies":[{"name":"wp","href":"https:\/\/api.w.org\/{rel}","templated":true}]}}