{"id":2507,"date":"2021-02-02T16:35:57","date_gmt":"2021-02-02T14:35:57","guid":{"rendered":"https:\/\/www.fingosolutions.ch\/?page_id=2507"},"modified":"2021-03-15T17:48:32","modified_gmt":"2021-03-15T15:48:32","slug":"unsere-geschichte","status":"publish","type":"page","link":"https:\/\/www.fingosolutions.ch\/de\/unsere-geschichte\/","title":{"rendered":"Unsere Geschichte"},"content":{"rendered":"<h1><strong>Geschichte &amp; Konzept<\/strong><\/h1>\n<hr>\n<div>\n<h3>21 Jahre Erfahrung<\/h3>\n<div>\n<p>Nachdem ich mehr als 21 Jahre in verschiedenen grossen Finanzinstituten in Frankreich und die letzten 15 Jahre in der Schweiz verbracht habe, kam ich zu dem Schluss, dass die L\u00f6sungen zur Finanzierung von Technologieanlagen, die sie anboten, nicht mehr an die st\u00e4ndig wachsende Pay-per-Use-Wirtschaft angepasst waren&#8230;<\/p>\n<\/div>\n<\/div>\n<div>\n<h3>Ein Konzept<\/h3>\n<div>\n<p>Mit dem Konzept, das ich mit meinen Worten das &#8222;Nicht-Besitztum&#8220; nenne, wurde FINGO Solutions geboren. Wir bieten Ihnen Mietl\u00f6sungen an, die Sie von den Zw\u00e4ngen befreien, die mit Eigentum einhergehen. Mit Vertr\u00e4gen, die deutlich flexibler sind als klassische Leasing-Vertr\u00e4ge.<\/p>\n<\/div>\n<\/div>\n<h2><strong>Das Konzept<\/strong><\/h2>\n<hr>\n<div>\n<h3>Aufbau einer ma\u00dfgeschneider-ten Finanzierungsl\u00f6sung<\/h3>\n<div>\n<p>So k\u00f6nnen Sie mit uns zusammenarbeiten, um Ihre ma\u00dfgeschneiderte Finanzierungs-l\u00f6sung auf der Grundlage Ihres eigenen Lebenszyklus f\u00fcr Ihre Technologie-Assets zu erstellen.<\/p>\n<\/div>\n<\/div>\n<div>\n<h3>Kampf gegen programmierte Obsoleszenz<\/h3>\n<div>\n<p>Sie wollen gegen die programmierte Obsoleszenz k\u00e4mpfen, sich aber gleichzeitig f\u00fcr kurze Lebenszyklen entscheiden, um vom Besten der Technik zu profitieren? FINGO solutions garantiert Ihnen ein zweites Leben f\u00fcr Ihre Ger\u00e4te am Ende des Vertrages, indem es sie in eine virtuose Kreislaufwirtschaft reinjiziert.<\/p>\n<\/div>\n<\/div>\n<p><img decoding=\"async\" src=\"\/wp-content\/uploads\/Fingo-Concept.jpg\" alt=\"\"><\/p>\n<div>\n<h3>Reinigung der Ausr\u00fcstung<\/h3>\n<div>\n<p>Sie m\u00f6chten sich f\u00fcr l\u00e4ngere Lebenszyklen entscheiden? Dann garantiert FINGO Solutions, dass Ihre Ger\u00e4te nach strengen Umweltstandards dekontaminiert werden.<\/p>\n<\/div>\n<\/div>\n<div>\n<h3>Reduzieren Sie Ihre Total Cost of Ownership (TCO)<\/h3>\n<div>\n<p>M\u00f6chten Sie die Betriebskosten Ihrer IT-Ausstattung (TCO) reduzieren? FINGO Solutions kann Ihnen helfen, das Management der Heterogenit\u00e4t Ihrer technologischen Assets zu optimieren.<\/p>\n<\/div>\n<\/div>\n<p><!-- {\"name\":\"Page accueil Finale\",\"type\":\"layout\",\"children\":[{\"name\":\"Notre Histoire\",\"type\":\"section\",\"props\":{\"image_size\":\"cover\",\"width\":\"default\",\"padding\":\"large\",\"style\":\"default\",\"image\":\"wp-content\\\/uploads\\\/Fingo-Solutions-Suisse-Location-Equipements-Informatiques-Longue-Dur\\u00e9e.jpg\",\"animation\":\"slide-top\",\"image_position\":\"bottom-center\",\"vertical_align\":\"middle\",\"title_position\":\"top-left\",\"title_rotation\":\"left\",\"title_breakpoint\":\"xl\",\"image_width\":\"2200\",\"height\":\"percent\",\"media_overlay\":\"rgba(0, 0, 0, 0)\",\"id\":\"histoire\",\"overlap\":true},\"children\":[{\"type\":\"row\",\"props\":{\"margin\":\"medium\"},\"children\":[{\"type\":\"column\",\"props\":{\"image_position\":\"center-center\",\"media_overlay_gradient\":\"\",\"width_medium\":\"1-1\"},\"children\":[{\"type\":\"headline\",\"props\":{\"title_element\":\"h1\",\"title_style\":\"h1\",\"text_align\":\"left\",\"text_align_breakpoint\":\"l\",\"text_align_fallback\":\"center\",\"content\":\"<strong>Geschichte &amp; Konzept<\\\/strong>\"}},{\"type\":\"divider\",\"props\":{\"divider_element\":\"hr\",\"divider_style\":\"small\",\"divider_align\":\"\",\"divider_align_breakpoint\":\"\",\"divider_align_fallback\":\"\",\"visibility\":\"l\"}}]}]},{\"name\":\"\",\"type\":\"row\",\"props\":{\"layout\":\"1-3,1-3,1-3\",\"width\":\"default\"},\"children\":[{\"name\":\"\",\"type\":\"column\",\"props\":{\"image_position\":\"center-center\",\"media_overlay_gradient\":\"\",\"width_medium\":\"1-3\"},\"children\":[{\"name\":\"21 ans d'exp\\u00e9rience\",\"type\":\"panel\",\"props\":{\"link_text\":\"Read more\",\"title_element\":\"h3\",\"meta_style\":\"meta\",\"meta_align\":\"below-title\",\"image_align\":\"top\",\"image_grid_width\":\"1-2\",\"link_style\":\"default\",\"margin\":\"default\",\"content\":\"\n\n<p>Nachdem ich mehr als 21 Jahre in verschiedenen grossen Finanzinstituten in Frankreich und die letzten 15 Jahre in der Schweiz verbracht habe, kam ich zu dem Schluss, dass die L\\u00f6sungen zur Finanzierung von Technologieanlagen, die sie anboten, nicht mehr an die st\\u00e4ndig wachsende Pay-per-Use-Wirtschaft angepasst waren...<\\\/p>\",\"title\":\"21 Jahre Erfahrung\",\"image_svg_color\":\"emphasis\",\"image_grid_breakpoint\":\"m\",\"title_hover_style\":\"reset\",\"title_align\":\"top\",\"title_grid_width\":\"1-2\",\"title_grid_breakpoint\":\"m\",\"title_style\":\"h3\",\"text_align\":\"justify\",\"text_align_breakpoint\":\"l\",\"text_align_fallback\":\"center\",\"icon_width\":80,\"content_column_breakpoint\":\"m\"}}]},{\"name\":\"\",\"type\":\"column\",\"props\":{\"image_position\":\"center-center\",\"media_overlay_gradient\":\"\",\"width_medium\":\"1-3\"},\"children\":[{\"name\":\"Le concept\",\"type\":\"panel\",\"props\":{\"link_text\":\"Read more\",\"title_element\":\"h3\",\"meta_style\":\"meta\",\"meta_align\":\"below-title\",\"image_align\":\"top\",\"image_grid_width\":\"1-2\",\"link_style\":\"default\",\"margin\":\"default\",\"content\":\"\n\n<p>Mit dem Konzept, das ich mit meinen Worten das \\\"Nicht-Besitztum\\\" nenne, wurde FINGO Solutions geboren. Wir bieten Ihnen Mietl\\u00f6sungen an, die Sie von den Zw\\u00e4ngen befreien, die mit Eigentum einhergehen. Mit Vertr\\u00e4gen, die deutlich flexibler sind als klassische Leasing-Vertr\\u00e4ge.<\\\/p>\",\"title\":\"Ein Konzept\",\"image_svg_color\":\"emphasis\",\"image_grid_breakpoint\":\"m\",\"title_hover_style\":\"reset\",\"title_align\":\"top\",\"title_grid_width\":\"1-2\",\"title_grid_breakpoint\":\"m\",\"title_style\":\"h3\",\"text_align\":\"justify\",\"text_align_breakpoint\":\"l\",\"text_align_fallback\":\"center\",\"icon_width\":80,\"content_column_breakpoint\":\"m\"}}]},{\"type\":\"column\",\"props\":{\"image_position\":\"center-center\",\"media_overlay_gradient\":\"\",\"width_medium\":\"1-3\"},\"children\":[]}]}]},{\"type\":\"section\",\"props\":{\"style\":\"default\",\"width\":\"default\",\"vertical_align\":\"middle\",\"title_position\":\"top-left\",\"title_rotation\":\"left\",\"title_breakpoint\":\"xl\",\"image_position\":\"center-center\"},\"children\":[{\"type\":\"row\",\"props\":{\"margin\":\"large\"},\"children\":[{\"type\":\"column\",\"props\":{\"image_position\":\"center-center\",\"media_overlay_gradient\":\"\",\"width_medium\":\"1-1\"},\"children\":[{\"type\":\"headline\",\"props\":{\"title_element\":\"h2\",\"title_style\":\"h1\",\"text_align\":\"left\",\"text_align_breakpoint\":\"l\",\"text_align_fallback\":\"center\",\"content\":\"<strong>Das Konzept<\\\/strong>\"}},{\"type\":\"divider\",\"props\":{\"divider_element\":\"hr\",\"divider_style\":\"small\",\"divider_align\":\"\",\"divider_align_breakpoint\":\"\",\"divider_align_fallback\":\"\",\"visibility\":\"l\"}}]}]},{\"name\":\"\",\"type\":\"row\",\"props\":{\"layout\":\"1-3,1-3,1-3\",\"vertical_align\":true,\"margin_remove_top\":false,\"match\":true,\"width\":\"expand\",\"margin\":\"small\"},\"children\":[{\"name\":\"\",\"type\":\"column\",\"props\":{\"image_position\":\"center-center\",\"media_overlay_gradient\":\"\",\"width_medium\":\"1-3\"},\"children\":[{\"name\":\"\",\"type\":\"panel\",\"props\":{\"title_element\":\"h3\",\"margin\":\"default\",\"title\":\"Aufbau einer ma\\u00dfgeschneider-ten Finanzierungsl\\u00f6sung\",\"content\":\"\n\n<p>So k\\u00f6nnen Sie mit uns zusammenarbeiten, um Ihre ma\\u00dfgeschneiderte Finanzierungs-l\\u00f6sung auf der Grundlage Ihres eigenen Lebenszyklus f\\u00fcr Ihre Technologie-Assets zu erstellen.<\\\/p>\",\"text_align\":\"justify\",\"maxwidth\":\"medium\",\"image_align\":\"top\",\"image_grid_width\":\"1-2\",\"link_style\":\"default\",\"link_text\":\"Read more\",\"meta_style\":\"meta\",\"meta_align\":\"below-title\",\"image_svg_color\":\"emphasis\",\"block_align\":\"center\",\"image_grid_breakpoint\":\"m\",\"title_hover_style\":\"reset\",\"title_align\":\"top\",\"title_grid_width\":\"1-2\",\"title_grid_breakpoint\":\"m\",\"title_style\":\"h3\",\"icon_width\":80,\"content_column_breakpoint\":\"m\"}},{\"name\":\"\",\"type\":\"panel\",\"props\":{\"title_element\":\"h3\",\"margin\":\"medium\",\"title\":\"Kampf gegen programmierte Obsoleszenz\",\"content\":\"\n\n<p>Sie wollen gegen die programmierte Obsoleszenz k\\u00e4mpfen, sich aber gleichzeitig f\\u00fcr kurze Lebenszyklen entscheiden, um vom Besten der Technik zu profitieren? FINGO solutions garantiert Ihnen ein zweites Leben f\\u00fcr Ihre Ger\\u00e4te am Ende des Vertrages, indem es sie in eine virtuose Kreislaufwirtschaft reinjiziert.<\\\/p>\",\"text_align\":\"justify\",\"maxwidth\":\"medium\",\"image_align\":\"top\",\"image_grid_width\":\"1-2\",\"link_style\":\"default\",\"link_text\":\"Read more\",\"meta_style\":\"meta\",\"meta_align\":\"below-title\",\"image_svg_color\":\"emphasis\",\"block_align\":\"center\",\"image_grid_breakpoint\":\"m\",\"title_hover_style\":\"reset\",\"title_align\":\"top\",\"title_grid_width\":\"1-2\",\"title_grid_breakpoint\":\"m\",\"title_style\":\"h3\",\"title_margin\":\"remove\",\"icon_width\":80,\"content_column_breakpoint\":\"m\"}}]},{\"name\":\"\",\"type\":\"column\",\"props\":{\"image_position\":\"center-center\",\"vertical_align\":\"middle\",\"media_overlay_gradient\":\"\",\"width_medium\":\"1-3\"},\"children\":[{\"name\":\"\",\"type\":\"image\",\"props\":{\"margin\":\"default\",\"image\":\"wp-content\\\/uploads\\\/Fingo-Concept.jpg\",\"image_svg_color\":\"emphasis\",\"text_align\":\"center\"}}]},{\"name\":\"\",\"type\":\"column\",\"props\":{\"image_position\":\"center-center\",\"media_overlay_gradient\":\"\",\"width_medium\":\"1-3\"},\"children\":[{\"name\":\"\",\"type\":\"panel\",\"props\":{\"title_element\":\"h3\",\"margin\":\"large\",\"title\":\"Reinigung der Ausr\\u00fcstung\",\"content\":\"\n\n<p>Sie m\\u00f6chten sich f\\u00fcr l\\u00e4ngere Lebenszyklen entscheiden? Dann garantiert FINGO Solutions, dass Ihre Ger\\u00e4te nach strengen Umweltstandards dekontaminiert werden.<\\\/p>\",\"text_align\":\"justify\",\"maxwidth\":\"medium\",\"image_align\":\"top\",\"image_grid_width\":\"1-2\",\"link_style\":\"default\",\"link_text\":\"Read more\",\"meta_style\":\"meta\",\"meta_align\":\"below-title\",\"image_svg_color\":\"emphasis\",\"block_align\":\"center\",\"image_grid_breakpoint\":\"m\",\"title_hover_style\":\"reset\",\"title_align\":\"top\",\"title_grid_width\":\"1-2\",\"title_grid_breakpoint\":\"m\",\"title_style\":\"h3\",\"icon_width\":80,\"content_column_breakpoint\":\"m\"}},{\"name\":\"\",\"type\":\"panel\",\"props\":{\"title_element\":\"h3\",\"margin\":\"default\",\"title\":\"Reduzieren Sie Ihre Total Cost of Ownership (TCO)\",\"content\":\"\n\n<p>M\\u00f6chten Sie die Betriebskosten Ihrer IT-Ausstattung (TCO) reduzieren? FINGO Solutions kann Ihnen helfen, das Management der Heterogenit\\u00e4t Ihrer technologischen Assets zu optimieren.<\\\/p>\",\"text_align\":\"justify\",\"maxwidth\":\"medium\",\"image_align\":\"top\",\"image_grid_width\":\"1-2\",\"link_style\":\"default\",\"link_text\":\"Read more\",\"meta_style\":\"meta\",\"meta_align\":\"below-title\",\"image_svg_color\":\"emphasis\",\"block_align\":\"center\",\"image_grid_breakpoint\":\"m\",\"title_hover_style\":\"reset\",\"title_align\":\"top\",\"title_grid_width\":\"1-2\",\"title_grid_breakpoint\":\"m\",\"title_style\":\"h3\",\"icon_width\":80,\"content_column_breakpoint\":\"m\"}}]}]}],\"name\":\"Notre Histoire Suite\"}],\"version\":\"2.1.1\"} --><\/p>\n","protected":false},"excerpt":{"rendered":"<p>Geschichte &amp; Konzept 21 Jahre Erfahrung Nachdem ich mehr als 21 Jahre in verschiedenen grossen Finanzinstituten in Frankreich und die letzten 15 Jahre in der Schweiz verbracht habe, kam ich zu dem Schluss, dass die L\u00f6sungen zur Finanzierung von Technologieanlagen, die sie anboten, nicht mehr an die st\u00e4ndig wachsende Pay-per-Use-Wirtschaft [&hellip;]<\/p>\n","protected":false},"author":1,"featured_media":0,"parent":0,"menu_order":3,"comment_status":"closed","ping_status":"closed","template":"","meta":{"footnotes":""},"class_list":["post-2507","page","type-page","status-publish","hentry"],"yoast_head":"<!-- This site is optimized with the Yoast SEO plugin v27.5 - https:\/\/yoast.com\/product\/yoast-seo-wordpress\/ -->\n<title>Das Konzept Unsere Geschichte | Fingo Solutions<\/title>\n<meta name=\"description\" content=\"das finGo-Konzept: Aufbau einer ma\u00dfgeschneiderten Finanzierungsl\u00f6sung, Aufr\u00e4umen von Anlagen, Kampf gegen programmierte Obsoleszenz\" \/>\n<meta name=\"robots\" content=\"index, follow, max-snippet:-1, max-image-preview:large, max-video-preview:-1\" \/>\n<link rel=\"canonical\" href=\"https:\/\/www.fingosolutions.ch\/de\/unsere-geschichte\/\" \/>\n<meta property=\"og:locale\" content=\"de_DE\" \/>\n<meta property=\"og:type\" content=\"article\" \/>\n<meta property=\"og:title\" content=\"Das Konzept Unsere Geschichte | Fingo Solutions\" \/>\n<meta property=\"og:description\" content=\"das finGo-Konzept: Aufbau einer ma\u00dfgeschneiderten Finanzierungsl\u00f6sung, Aufr\u00e4umen von Anlagen, Kampf gegen programmierte Obsoleszenz\" \/>\n<meta property=\"og:url\" content=\"https:\/\/www.fingosolutions.ch\/de\/unsere-geschichte\/\" \/>\n<meta property=\"og:site_name\" content=\"Fingo Solutions\" \/>\n<meta property=\"article:modified_time\" content=\"2021-03-15T15:48:32+00:00\" \/>\n<meta property=\"og:image\" content=\"https:\/\/www.fingosolutions.ch\/wp-content\/uploads\/Fingo-Concept.jpg\" \/>\n<meta name=\"twitter:card\" content=\"summary_large_image\" \/>\n<meta name=\"twitter:label1\" content=\"Gesch\u00e4tzte Lesezeit\" \/>\n\t<meta name=\"twitter:data1\" content=\"3\u00a0Minuten\" \/>\n<script type=\"application\/ld+json\" class=\"yoast-schema-graph\">{\"@context\":\"https:\\\/\\\/schema.org\",\"@graph\":[{\"@type\":\"WebPage\",\"@id\":\"https:\\\/\\\/www.fingosolutions.ch\\\/de\\\/unsere-geschichte\\\/\",\"url\":\"https:\\\/\\\/www.fingosolutions.ch\\\/de\\\/unsere-geschichte\\\/\",\"name\":\"Das Konzept Unsere Geschichte | Fingo Solutions\",\"isPartOf\":{\"@id\":\"https:\\\/\\\/www.fingosolutions.ch\\\/de\\\/#website\"},\"datePublished\":\"2021-02-02T14:35:57+00:00\",\"dateModified\":\"2021-03-15T15:48:32+00:00\",\"description\":\"das finGo-Konzept: Aufbau einer ma\u00dfgeschneiderten Finanzierungsl\u00f6sung, Aufr\u00e4umen von Anlagen, Kampf gegen programmierte Obsoleszenz\",\"breadcrumb\":{\"@id\":\"https:\\\/\\\/www.fingosolutions.ch\\\/de\\\/unsere-geschichte\\\/#breadcrumb\"},\"inLanguage\":\"de\",\"potentialAction\":[{\"@type\":\"ReadAction\",\"target\":[\"https:\\\/\\\/www.fingosolutions.ch\\\/de\\\/unsere-geschichte\\\/\"]}]},{\"@type\":\"BreadcrumbList\",\"@id\":\"https:\\\/\\\/www.fingosolutions.ch\\\/de\\\/unsere-geschichte\\\/#breadcrumb\",\"itemListElement\":[{\"@type\":\"ListItem\",\"position\":1,\"name\":\"Home\",\"item\":\"https:\\\/\\\/www.fingosolutions.ch\\\/de\\\/\"},{\"@type\":\"ListItem\",\"position\":2,\"name\":\"Unsere Geschichte\"}]},{\"@type\":\"WebSite\",\"@id\":\"https:\\\/\\\/www.fingosolutions.ch\\\/de\\\/#website\",\"url\":\"https:\\\/\\\/www.fingosolutions.ch\\\/de\\\/\",\"name\":\"Fingo Solutions\",\"description\":\"Nous cr\u00e9ons, fa\u00e7onnons et modelons votre propre solution de financement pour vos actifs technologiques\",\"publisher\":{\"@id\":\"https:\\\/\\\/www.fingosolutions.ch\\\/de\\\/#organization\"},\"potentialAction\":[{\"@type\":\"SearchAction\",\"target\":{\"@type\":\"EntryPoint\",\"urlTemplate\":\"https:\\\/\\\/www.fingosolutions.ch\\\/de\\\/?s={search_term_string}\"},\"query-input\":{\"@type\":\"PropertyValueSpecification\",\"valueRequired\":true,\"valueName\":\"search_term_string\"}}],\"inLanguage\":\"de\"},{\"@type\":\"Organization\",\"@id\":\"https:\\\/\\\/www.fingosolutions.ch\\\/de\\\/#organization\",\"name\":\"FinGO Solutions\",\"url\":\"https:\\\/\\\/www.fingosolutions.ch\\\/de\\\/\",\"logo\":{\"@type\":\"ImageObject\",\"inLanguage\":\"de\",\"@id\":\"https:\\\/\\\/www.fingosolutions.ch\\\/de\\\/#\\\/schema\\\/logo\\\/image\\\/\",\"url\":\"https:\\\/\\\/i0.wp.com\\\/www.fingosolutions.ch\\\/wp-content\\\/uploads\\\/Logo-Fingo-Slogan.png?fit=491%2C222&ssl=1\",\"contentUrl\":\"https:\\\/\\\/i0.wp.com\\\/www.fingosolutions.ch\\\/wp-content\\\/uploads\\\/Logo-Fingo-Slogan.png?fit=491%2C222&ssl=1\",\"width\":491,\"height\":222,\"caption\":\"FinGO Solutions\"},\"image\":{\"@id\":\"https:\\\/\\\/www.fingosolutions.ch\\\/de\\\/#\\\/schema\\\/logo\\\/image\\\/\"}}]}<\/script>\n<!-- \/ Yoast SEO plugin. -->","yoast_head_json":{"title":"Das Konzept Unsere Geschichte | Fingo Solutions","description":"das finGo-Konzept: Aufbau einer ma\u00dfgeschneiderten Finanzierungsl\u00f6sung, Aufr\u00e4umen von Anlagen, Kampf gegen programmierte Obsoleszenz","robots":{"index":"index","follow":"follow","max-snippet":"max-snippet:-1","max-image-preview":"max-image-preview:large","max-video-preview":"max-video-preview:-1"},"canonical":"https:\/\/www.fingosolutions.ch\/de\/unsere-geschichte\/","og_locale":"de_DE","og_type":"article","og_title":"Das Konzept Unsere Geschichte | Fingo Solutions","og_description":"das finGo-Konzept: Aufbau einer ma\u00dfgeschneiderten Finanzierungsl\u00f6sung, Aufr\u00e4umen von Anlagen, Kampf gegen programmierte Obsoleszenz","og_url":"https:\/\/www.fingosolutions.ch\/de\/unsere-geschichte\/","og_site_name":"Fingo Solutions","article_modified_time":"2021-03-15T15:48:32+00:00","og_image":[{"url":"https:\/\/www.fingosolutions.ch\/wp-content\/uploads\/Fingo-Concept.jpg","type":"","width":"","height":""}],"twitter_card":"summary_large_image","twitter_misc":{"Gesch\u00e4tzte Lesezeit":"3\u00a0Minuten"},"schema":{"@context":"https:\/\/schema.org","@graph":[{"@type":"WebPage","@id":"https:\/\/www.fingosolutions.ch\/de\/unsere-geschichte\/","url":"https:\/\/www.fingosolutions.ch\/de\/unsere-geschichte\/","name":"Das Konzept Unsere Geschichte | Fingo Solutions","isPartOf":{"@id":"https:\/\/www.fingosolutions.ch\/de\/#website"},"datePublished":"2021-02-02T14:35:57+00:00","dateModified":"2021-03-15T15:48:32+00:00","description":"das finGo-Konzept: Aufbau einer ma\u00dfgeschneiderten Finanzierungsl\u00f6sung, Aufr\u00e4umen von Anlagen, Kampf gegen programmierte Obsoleszenz","breadcrumb":{"@id":"https:\/\/www.fingosolutions.ch\/de\/unsere-geschichte\/#breadcrumb"},"inLanguage":"de","potentialAction":[{"@type":"ReadAction","target":["https:\/\/www.fingosolutions.ch\/de\/unsere-geschichte\/"]}]},{"@type":"BreadcrumbList","@id":"https:\/\/www.fingosolutions.ch\/de\/unsere-geschichte\/#breadcrumb","itemListElement":[{"@type":"ListItem","position":1,"name":"Home","item":"https:\/\/www.fingosolutions.ch\/de\/"},{"@type":"ListItem","position":2,"name":"Unsere Geschichte"}]},{"@type":"WebSite","@id":"https:\/\/www.fingosolutions.ch\/de\/#website","url":"https:\/\/www.fingosolutions.ch\/de\/","name":"Fingo Solutions","description":"Nous cr\u00e9ons, fa\u00e7onnons et modelons votre propre solution de financement pour vos actifs technologiques","publisher":{"@id":"https:\/\/www.fingosolutions.ch\/de\/#organization"},"potentialAction":[{"@type":"SearchAction","target":{"@type":"EntryPoint","urlTemplate":"https:\/\/www.fingosolutions.ch\/de\/?s={search_term_string}"},"query-input":{"@type":"PropertyValueSpecification","valueRequired":true,"valueName":"search_term_string"}}],"inLanguage":"de"},{"@type":"Organization","@id":"https:\/\/www.fingosolutions.ch\/de\/#organization","name":"FinGO Solutions","url":"https:\/\/www.fingosolutions.ch\/de\/","logo":{"@type":"ImageObject","inLanguage":"de","@id":"https:\/\/www.fingosolutions.ch\/de\/#\/schema\/logo\/image\/","url":"https:\/\/i0.wp.com\/www.fingosolutions.ch\/wp-content\/uploads\/Logo-Fingo-Slogan.png?fit=491%2C222&ssl=1","contentUrl":"https:\/\/i0.wp.com\/www.fingosolutions.ch\/wp-content\/uploads\/Logo-Fingo-Slogan.png?fit=491%2C222&ssl=1","width":491,"height":222,"caption":"FinGO Solutions"},"image":{"@id":"https:\/\/www.fingosolutions.ch\/de\/#\/schema\/logo\/image\/"}}]}},"jetpack_sharing_enabled":true,"_links":{"self":[{"href":"https:\/\/www.fingosolutions.ch\/de\/wp-json\/wp\/v2\/pages\/2507","targetHints":{"allow":["GET"]}}],"collection":[{"href":"https:\/\/www.fingosolutions.ch\/de\/wp-json\/wp\/v2\/pages"}],"about":[{"href":"https:\/\/www.fingosolutions.ch\/de\/wp-json\/wp\/v2\/types\/page"}],"author":[{"embeddable":true,"href":"https:\/\/www.fingosolutions.ch\/de\/wp-json\/wp\/v2\/users\/1"}],"replies":[{"embeddable":true,"href":"https:\/\/www.fingosolutions.ch\/de\/wp-json\/wp\/v2\/comments?post=2507"}],"version-history":[{"count":12,"href":"https:\/\/www.fingosolutions.ch\/de\/wp-json\/wp\/v2\/pages\/2507\/revisions"}],"predecessor-version":[{"id":3370,"href":"https:\/\/www.fingosolutions.ch\/de\/wp-json\/wp\/v2\/pages\/2507\/revisions\/3370"}],"wp:attachment":[{"href":"https:\/\/www.fingosolutions.ch\/de\/wp-json\/wp\/v2\/media?parent=2507"}],"curies":[{"name":"wp","href":"https:\/\/api.w.org\/{rel}","templated":true}]}}